{"id":1678,"date":"2023-07-13T10:09:33","date_gmt":"2023-07-13T15:09:33","guid":{"rendered":"https:\/\/insepet.com?post_type=product&#038;p=1678"},"modified":"2024-01-24T12:30:12","modified_gmt":"2024-01-24T17:30:12","slug":"protector-de-pantalla-dwin-15wt","status":"publish","type":"product","link":"https:\/\/insepet.com\/index.php\/producto\/protector-de-pantalla-dwin-15wt\/","title":{"rendered":"Protector de Pantalla DWIN 15WT"},"content":{"rendered":"","protected":false},"excerpt":{"rendered":"<p>Protector de pantalla dise\u00f1ado para la pantalla DWIN 15WT, protegi\u00e9ndola de ara\u00f1azos y da\u00f1os.<\/p>\n","protected":false},"featured_media":1679,"template":"","meta":[],"product_cat":[35],"product_tag":[],"class_list":{"0":"post-1678","1":"product","2":"type-product","3":"status-publish","4":"has-post-thumbnail","6":"product_cat-repuestos-para-sistemas","8":"first","9":"instock","10":"taxable","11":"shipping-taxable","12":"purchasable","13":"product-type-simple"},"jetpack_sharing_enabled":true,"_links":{"self":[{"href":"https:\/\/insepet.com\/index.php\/wp-json\/wp\/v2\/product\/1678","targetHints":{"allow":["GET"]}}],"collection":[{"href":"https:\/\/insepet.com\/index.php\/wp-json\/wp\/v2\/product"}],"about":[{"href":"https:\/\/insepet.com\/index.php\/wp-json\/wp\/v2\/types\/product"}],"wp:featuredmedia":[{"embeddable":true,"href":"https:\/\/insepet.com\/index.php\/wp-json\/wp\/v2\/media\/1679"}],"wp:attachment":[{"href":"https:\/\/insepet.com\/index.php\/wp-json\/wp\/v2\/media?parent=1678"}],"wp:term":[{"taxonomy":"product_cat","embeddable":true,"href":"https:\/\/insepet.com\/index.php\/wp-json\/wp\/v2\/product_cat?post=1678"},{"taxonomy":"product_tag","embeddable":true,"href":"https:\/\/insepet.com\/index.php\/wp-json\/wp\/v2\/product_tag?post=1678"}],"curies":[{"name":"wp","href":"https:\/\/api.w.org\/{rel}","templated":true}]}}