{"id":1666,"date":"2023-07-13T10:02:41","date_gmt":"2023-07-13T15:02:41","guid":{"rendered":"https:\/\/insepet.com?post_type=product&#038;p=1666"},"modified":"2024-01-24T12:29:05","modified_gmt":"2024-01-24T17:29:05","slug":"minicdg-485","status":"publish","type":"product","link":"https:\/\/insepet.com\/index.php\/producto\/minicdg-485\/","title":{"rendered":"MiniCDG 485"},"content":{"rendered":"","protected":false},"excerpt":{"rendered":"<p>El MINICDG 485 es un dispositivo utilizado para la comunicaci\u00f3n de datos en sistemas de medici\u00f3n y control. Este dispositivo cuenta con una interfaz RS-485, la cual permite la transmisi\u00f3n de datos de manera eficiente y confiable en largas distancias. Adem\u00e1s, el MINICDG 485 es compatible con varios protocolos de comunicaci\u00f3n, lo que lo hace una opci\u00f3n vers\u00e1til para aplicaciones en diferentes tipos de sistemas.<\/p>\n","protected":false},"featured_media":1667,"template":"","meta":[],"product_cat":[35],"product_tag":[],"class_list":{"0":"post-1666","1":"product","2":"type-product","3":"status-publish","4":"has-post-thumbnail","6":"product_cat-repuestos-para-sistemas","8":"first","9":"instock","10":"taxable","11":"shipping-taxable","12":"purchasable","13":"product-type-simple"},"jetpack_sharing_enabled":true,"_links":{"self":[{"href":"https:\/\/insepet.com\/index.php\/wp-json\/wp\/v2\/product\/1666","targetHints":{"allow":["GET"]}}],"collection":[{"href":"https:\/\/insepet.com\/index.php\/wp-json\/wp\/v2\/product"}],"about":[{"href":"https:\/\/insepet.com\/index.php\/wp-json\/wp\/v2\/types\/product"}],"wp:featuredmedia":[{"embeddable":true,"href":"https:\/\/insepet.com\/index.php\/wp-json\/wp\/v2\/media\/1667"}],"wp:attachment":[{"href":"https:\/\/insepet.com\/index.php\/wp-json\/wp\/v2\/media?parent=1666"}],"wp:term":[{"taxonomy":"product_cat","embeddable":true,"href":"https:\/\/insepet.com\/index.php\/wp-json\/wp\/v2\/product_cat?post=1666"},{"taxonomy":"product_tag","embeddable":true,"href":"https:\/\/insepet.com\/index.php\/wp-json\/wp\/v2\/product_tag?post=1666"}],"curies":[{"name":"wp","href":"https:\/\/api.w.org\/{rel}","templated":true}]}}