{"id":1636,"date":"2023-07-13T09:19:57","date_gmt":"2023-07-13T14:19:57","guid":{"rendered":"https:\/\/insepet.com?post_type=product&#038;p=1636"},"modified":"2023-07-14T13:20:02","modified_gmt":"2023-07-14T18:20:02","slug":"tarjeta-controladora-preset-advantage-dimension-legacy-1-version","status":"publish","type":"product","link":"https:\/\/insepet.com\/index.php\/producto\/tarjeta-controladora-preset-advantage-dimension-legacy-1-version\/","title":{"rendered":"Tarjeta Controladora Preset Advantage \/ Dimension \/ Legacy 1 Versi\u00f3n"},"content":{"rendered":"","protected":false},"excerpt":{"rendered":"<p>La tarjeta controladora T17331-G3 es una tarjeta utilizada en dispensadores de combustible de la marca Gilbarco. Esta tarjeta es compatible con los modelos Encore, Advantage, Legacy y Eclipse. Se utiliza para controlar y monitorear varias funciones del dispensador, como la dispensaci\u00f3n de combustible, la comunicaci\u00f3n con el sistema de punto de venta y el control de la electr\u00f3nica del dispensador. Tambi\u00e9n puede manejar las funciones de la pantalla del dispensador, como la visualizaci\u00f3n de precios y la publicidad.<\/p>\n","protected":false},"featured_media":1637,"template":"","meta":[],"product_cat":[31],"product_tag":[],"class_list":{"0":"post-1636","1":"product","2":"type-product","3":"status-publish","4":"has-post-thumbnail","6":"product_cat-electronica-para-dispensadores","8":"first","9":"instock","10":"taxable","11":"shipping-taxable","12":"purchasable","13":"product-type-simple"},"jetpack_sharing_enabled":true,"_links":{"self":[{"href":"https:\/\/insepet.com\/index.php\/wp-json\/wp\/v2\/product\/1636","targetHints":{"allow":["GET"]}}],"collection":[{"href":"https:\/\/insepet.com\/index.php\/wp-json\/wp\/v2\/product"}],"about":[{"href":"https:\/\/insepet.com\/index.php\/wp-json\/wp\/v2\/types\/product"}],"wp:featuredmedia":[{"embeddable":true,"href":"https:\/\/insepet.com\/index.php\/wp-json\/wp\/v2\/media\/1637"}],"wp:attachment":[{"href":"https:\/\/insepet.com\/index.php\/wp-json\/wp\/v2\/media?parent=1636"}],"wp:term":[{"taxonomy":"product_cat","embeddable":true,"href":"https:\/\/insepet.com\/index.php\/wp-json\/wp\/v2\/product_cat?post=1636"},{"taxonomy":"product_tag","embeddable":true,"href":"https:\/\/insepet.com\/index.php\/wp-json\/wp\/v2\/product_tag?post=1636"}],"curies":[{"name":"wp","href":"https:\/\/api.w.org\/{rel}","templated":true}]}}