{"id":1624,"date":"2023-07-13T09:00:12","date_gmt":"2023-07-13T14:00:12","guid":{"rendered":"https:\/\/insepet.com?post_type=product&#038;p=1624"},"modified":"2024-01-24T12:05:51","modified_gmt":"2024-01-24T17:05:51","slug":"tarjeta-interface-encore-300-segunda-serie","status":"publish","type":"product","link":"https:\/\/insepet.com\/index.php\/producto\/tarjeta-interface-encore-300-segunda-serie\/","title":{"rendered":"Tarjeta Interfase Encore 300 Segunda Serie"},"content":{"rendered":"","protected":false},"excerpt":{"rendered":"<p>La tarjeta de interfaz Encore 300 de segunda serie es una tarjeta de control utilizada en dispensadores de combustible Encore 300 de Gilbarco Veeder-Root. Esta tarjeta permite la comunicaci\u00f3n entre el dispensador y los sistemas de pago y gesti\u00f3n de la estaci\u00f3n de servicio, as\u00ed como la gesti\u00f3n de la pantalla del dispensador y los dispositivos de seguridad, como sensores y v\u00e1lvulas. La tarjeta de interfaz Encore 300 de segunda serie es una versi\u00f3n mejorada de la tarjeta de interfaz Encore 300 de primera serie, que proporciona mayor capacidad de procesamiento y memoria, as\u00ed como una mayor velocidad de comunicaci\u00f3n y m\u00e1s funciones de seguridad.<\/p>\n","protected":false},"featured_media":2159,"template":"","meta":[],"product_cat":[31],"product_tag":[],"class_list":{"0":"post-1624","1":"product","2":"type-product","3":"status-publish","4":"has-post-thumbnail","6":"product_cat-electronica-para-dispensadores","8":"first","9":"instock","10":"taxable","11":"shipping-taxable","12":"purchasable","13":"product-type-simple"},"jetpack_sharing_enabled":true,"_links":{"self":[{"href":"https:\/\/insepet.com\/index.php\/wp-json\/wp\/v2\/product\/1624","targetHints":{"allow":["GET"]}}],"collection":[{"href":"https:\/\/insepet.com\/index.php\/wp-json\/wp\/v2\/product"}],"about":[{"href":"https:\/\/insepet.com\/index.php\/wp-json\/wp\/v2\/types\/product"}],"wp:featuredmedia":[{"embeddable":true,"href":"https:\/\/insepet.com\/index.php\/wp-json\/wp\/v2\/media\/2159"}],"wp:attachment":[{"href":"https:\/\/insepet.com\/index.php\/wp-json\/wp\/v2\/media?parent=1624"}],"wp:term":[{"taxonomy":"product_cat","embeddable":true,"href":"https:\/\/insepet.com\/index.php\/wp-json\/wp\/v2\/product_cat?post=1624"},{"taxonomy":"product_tag","embeddable":true,"href":"https:\/\/insepet.com\/index.php\/wp-json\/wp\/v2\/product_tag?post=1624"}],"curies":[{"name":"wp","href":"https:\/\/api.w.org\/{rel}","templated":true}]}}