{"id":1606,"date":"2023-07-13T08:24:49","date_gmt":"2023-07-13T13:24:49","guid":{"rendered":"https:\/\/insepet.com?post_type=product&#038;p=1606"},"modified":"2024-01-23T14:31:44","modified_gmt":"2024-01-23T19:31:44","slug":"tarjeta-interface-encore-500-valvula-3-tornillos","status":"publish","type":"product","link":"https:\/\/insepet.com\/index.php\/producto\/tarjeta-interface-encore-500-valvula-3-tornillos\/","title":{"rendered":"Tarjeta Interfase Encore 500 V\u00e1lvula 3 Tornillos"},"content":{"rendered":"","protected":false},"excerpt":{"rendered":"<p>La tarjeta de interfaz de v\u00e1lvulas de tres tornillos es una tarjeta electr\u00f3nica utilizada en los dispensadores de combustible Encore 500 de Gilbarco Veeder-Root. Esta tarjeta es responsable de controlar las v\u00e1lvulas de combustible y el flujo de combustible a trav\u00e9s del dispensador. Las v\u00e1lvulas de tres tornillos son un tipo de v\u00e1lvula de control de flujo de combustible que se utiliza com\u00fanmente en los dispensadores de combustible. La tarjeta de interfaz de v\u00e1lvulas de tres tornillos permite que las v\u00e1lvulas se abran y cierren en respuesta a las \u00f3rdenes recibidas del sistema de control del dispensador. Esto asegura que el combustible se dispensa de manera precisa y segura.<\/p>\n","protected":false},"featured_media":2162,"template":"","meta":[],"product_cat":[31],"product_tag":[],"class_list":{"0":"post-1606","1":"product","2":"type-product","3":"status-publish","4":"has-post-thumbnail","6":"product_cat-electronica-para-dispensadores","8":"first","9":"instock","10":"taxable","11":"shipping-taxable","12":"purchasable","13":"product-type-simple"},"jetpack_sharing_enabled":true,"_links":{"self":[{"href":"https:\/\/insepet.com\/index.php\/wp-json\/wp\/v2\/product\/1606","targetHints":{"allow":["GET"]}}],"collection":[{"href":"https:\/\/insepet.com\/index.php\/wp-json\/wp\/v2\/product"}],"about":[{"href":"https:\/\/insepet.com\/index.php\/wp-json\/wp\/v2\/types\/product"}],"wp:featuredmedia":[{"embeddable":true,"href":"https:\/\/insepet.com\/index.php\/wp-json\/wp\/v2\/media\/2162"}],"wp:attachment":[{"href":"https:\/\/insepet.com\/index.php\/wp-json\/wp\/v2\/media?parent=1606"}],"wp:term":[{"taxonomy":"product_cat","embeddable":true,"href":"https:\/\/insepet.com\/index.php\/wp-json\/wp\/v2\/product_cat?post=1606"},{"taxonomy":"product_tag","embeddable":true,"href":"https:\/\/insepet.com\/index.php\/wp-json\/wp\/v2\/product_tag?post=1606"}],"curies":[{"name":"wp","href":"https:\/\/api.w.org\/{rel}","templated":true}]}}