{"id":1604,"date":"2023-07-13T08:22:47","date_gmt":"2023-07-13T13:22:47","guid":{"rendered":"https:\/\/insepet.com?post_type=product&#038;p=1604"},"modified":"2024-01-24T12:02:40","modified_gmt":"2024-01-24T17:02:40","slug":"barras-estabilizadoras-zeppini-prime-modelo-13","status":"publish","type":"product","link":"https:\/\/insepet.com\/index.php\/producto\/barras-estabilizadoras-zeppini-prime-modelo-13\/","title":{"rendered":"Barras Estabilizadoras Zeppini Prime Modelo 13"},"content":{"rendered":"","protected":false},"excerpt":{"rendered":"<p>Las Barras Estabilizadoras Zeppini Prime Modelo 13 son un componente esencial para mantener la estabilidad y la integridad estructural de los tanques de almacenamiento de combustible. Dise\u00f1adas y fabricadas con los m\u00e1s altos est\u00e1ndares de calidad, estas barras est\u00e1n hechas de materiales resistentes y duraderos para garantizar su larga vida \u00fatil. Adem\u00e1s, su dise\u00f1o innovador permite una f\u00e1cil instalaci\u00f3n y un ajuste preciso para adaptarse a diferentes configuraciones de tanques. Con las barras estabilizadoras Zeppini Prime Modelo 13, los tanques de almacenamiento pueden soportar cargas externas y condiciones ambientales adversas de manera segura y confiable.<\/p>\n","protected":false},"featured_media":1605,"template":"","meta":[],"product_cat":[34],"product_tag":[],"class_list":{"0":"post-1604","1":"product","2":"type-product","3":"status-publish","4":"has-post-thumbnail","6":"product_cat-tuberias-y-accesorios","8":"first","9":"instock","10":"taxable","11":"shipping-taxable","12":"purchasable","13":"product-type-simple"},"jetpack_sharing_enabled":true,"_links":{"self":[{"href":"https:\/\/insepet.com\/index.php\/wp-json\/wp\/v2\/product\/1604","targetHints":{"allow":["GET"]}}],"collection":[{"href":"https:\/\/insepet.com\/index.php\/wp-json\/wp\/v2\/product"}],"about":[{"href":"https:\/\/insepet.com\/index.php\/wp-json\/wp\/v2\/types\/product"}],"wp:featuredmedia":[{"embeddable":true,"href":"https:\/\/insepet.com\/index.php\/wp-json\/wp\/v2\/media\/1605"}],"wp:attachment":[{"href":"https:\/\/insepet.com\/index.php\/wp-json\/wp\/v2\/media?parent=1604"}],"wp:term":[{"taxonomy":"product_cat","embeddable":true,"href":"https:\/\/insepet.com\/index.php\/wp-json\/wp\/v2\/product_cat?post=1604"},{"taxonomy":"product_tag","embeddable":true,"href":"https:\/\/insepet.com\/index.php\/wp-json\/wp\/v2\/product_tag?post=1604"}],"curies":[{"name":"wp","href":"https:\/\/api.w.org\/{rel}","templated":true}]}}