{"id":1598,"date":"2023-07-13T08:18:35","date_gmt":"2023-07-13T13:18:35","guid":{"rendered":"https:\/\/insepet.com?post_type=product&#038;p=1598"},"modified":"2024-01-24T12:01:17","modified_gmt":"2024-01-24T17:01:17","slug":"swivel-de-3-4-emco","status":"publish","type":"product","link":"https:\/\/insepet.com\/index.php\/producto\/swivel-de-3-4-emco\/","title":{"rendered":"Swivel de 3\/4&#8243; Emco"},"content":{"rendered":"","protected":false},"excerpt":{"rendered":"<p>El Swivel de 3\/4 EMCO es un acoplamiento giratorio utilizado en la conexi\u00f3n de las mangueras de suministro de combustible a los dispensadores de combustible. Permite la rotaci\u00f3n de la manguera, evitando as\u00ed la torsi\u00f3n y el desgaste prematuro de la misma.<\/p>\n","protected":false},"featured_media":1599,"template":"","meta":[],"product_cat":[30],"product_tag":[],"class_list":{"0":"post-1598","1":"product","2":"type-product","3":"status-publish","4":"has-post-thumbnail","6":"product_cat-consumibles-para-equipos","8":"first","9":"instock","10":"taxable","11":"shipping-taxable","12":"purchasable","13":"product-type-simple"},"jetpack_sharing_enabled":true,"_links":{"self":[{"href":"https:\/\/insepet.com\/index.php\/wp-json\/wp\/v2\/product\/1598","targetHints":{"allow":["GET"]}}],"collection":[{"href":"https:\/\/insepet.com\/index.php\/wp-json\/wp\/v2\/product"}],"about":[{"href":"https:\/\/insepet.com\/index.php\/wp-json\/wp\/v2\/types\/product"}],"wp:featuredmedia":[{"embeddable":true,"href":"https:\/\/insepet.com\/index.php\/wp-json\/wp\/v2\/media\/1599"}],"wp:attachment":[{"href":"https:\/\/insepet.com\/index.php\/wp-json\/wp\/v2\/media?parent=1598"}],"wp:term":[{"taxonomy":"product_cat","embeddable":true,"href":"https:\/\/insepet.com\/index.php\/wp-json\/wp\/v2\/product_cat?post=1598"},{"taxonomy":"product_tag","embeddable":true,"href":"https:\/\/insepet.com\/index.php\/wp-json\/wp\/v2\/product_tag?post=1598"}],"curies":[{"name":"wp","href":"https:\/\/api.w.org\/{rel}","templated":true}]}}