{"id":1515,"date":"2023-07-12T11:53:35","date_gmt":"2023-07-12T16:53:35","guid":{"rendered":"https:\/\/insepet.com?post_type=product&#038;p=1515"},"modified":"2024-01-24T10:56:02","modified_gmt":"2024-01-24T15:56:02","slug":"memoria-eprom-tarjeta-controladora","status":"publish","type":"product","link":"https:\/\/insepet.com\/index.php\/producto\/memoria-eprom-tarjeta-controladora\/","title":{"rendered":"Memoria Eprom Tarjeta Controladora"},"content":{"rendered":"","protected":false},"excerpt":{"rendered":"<p>La memoria EPROM (Erasable Programmable Read-Only Memory) es un tipo de memoria no vol\u00e1til que se utiliza para almacenar datos y programas en dispositivos electr\u00f3nicos como tarjetas controladoras. La principal caracter\u00edstica de la memoria EPROM es que se puede programar y borrar m\u00faltiples veces utilizando equipos especiales.<br \/>\nEn el caso de una tarjeta controladora, la memoria EPROM es responsable de almacenar el software que controla el funcionamiento del dispositivo. La programaci\u00f3n de la memoria EPROM se realiza durante la fabricaci\u00f3n de la tarjeta, y posteriormente se puede actualizar o reprogramar seg\u00fan sea necesario.<\/p>\n<p>La memoria EPROM se utiliza com\u00fanmente en dispositivos que requieren una memoria no vol\u00e1til, ya que puede retener su contenido incluso cuando se apaga el dispositivo. En el caso de una tarjeta controladora, esto es especialmente importante, ya que el software de control debe estar disponible inmediatamente al encender el dispositivo.<\/p>\n","protected":false},"featured_media":1516,"template":"","meta":[],"product_cat":[31],"product_tag":[],"class_list":{"0":"post-1515","1":"product","2":"type-product","3":"status-publish","4":"has-post-thumbnail","6":"product_cat-electronica-para-dispensadores","8":"first","9":"instock","10":"taxable","11":"shipping-taxable","12":"purchasable","13":"product-type-simple"},"jetpack_sharing_enabled":true,"_links":{"self":[{"href":"https:\/\/insepet.com\/index.php\/wp-json\/wp\/v2\/product\/1515","targetHints":{"allow":["GET"]}}],"collection":[{"href":"https:\/\/insepet.com\/index.php\/wp-json\/wp\/v2\/product"}],"about":[{"href":"https:\/\/insepet.com\/index.php\/wp-json\/wp\/v2\/types\/product"}],"wp:featuredmedia":[{"embeddable":true,"href":"https:\/\/insepet.com\/index.php\/wp-json\/wp\/v2\/media\/1516"}],"wp:attachment":[{"href":"https:\/\/insepet.com\/index.php\/wp-json\/wp\/v2\/media?parent=1515"}],"wp:term":[{"taxonomy":"product_cat","embeddable":true,"href":"https:\/\/insepet.com\/index.php\/wp-json\/wp\/v2\/product_cat?post=1515"},{"taxonomy":"product_tag","embeddable":true,"href":"https:\/\/insepet.com\/index.php\/wp-json\/wp\/v2\/product_tag?post=1515"}],"curies":[{"name":"wp","href":"https:\/\/api.w.org\/{rel}","templated":true}]}}