{"id":1441,"date":"2023-07-12T09:26:36","date_gmt":"2023-07-12T14:26:36","guid":{"rendered":"https:\/\/insepet.com?post_type=product&#038;p=1441"},"modified":"2024-01-24T10:52:10","modified_gmt":"2024-01-24T15:52:10","slug":"valvula-solenoide-para-legacy","status":"publish","type":"product","link":"https:\/\/insepet.com\/index.php\/producto\/valvula-solenoide-para-legacy\/","title":{"rendered":"V\u00e1lvula Solenoide para Legacy"},"content":{"rendered":"","protected":false},"excerpt":{"rendered":"<p>La v\u00e1lvula solenoide para Legacy es un componente electromec\u00e1nico utilizado para controlar el flujo de l\u00edquidos o gases en el sistema de combustible del dispensador de combustible Legacy. Esta v\u00e1lvula se acciona por medio de un solenoide el\u00e9ctrico, que cuando recibe la se\u00f1al el\u00e9ctrica adecuada, abre o cierra la v\u00e1lvula permitiendo o deteniendo el flujo del fluido en el sistema de combustible del dispensador.<\/p>\n","protected":false},"featured_media":1442,"template":"","meta":[],"product_cat":[32],"product_tag":[],"class_list":{"0":"post-1441","1":"product","2":"type-product","3":"status-publish","4":"has-post-thumbnail","6":"product_cat-hidraulica-para-dispensadores","8":"first","9":"instock","10":"taxable","11":"shipping-taxable","12":"purchasable","13":"product-type-simple"},"jetpack_sharing_enabled":true,"_links":{"self":[{"href":"https:\/\/insepet.com\/index.php\/wp-json\/wp\/v2\/product\/1441","targetHints":{"allow":["GET"]}}],"collection":[{"href":"https:\/\/insepet.com\/index.php\/wp-json\/wp\/v2\/product"}],"about":[{"href":"https:\/\/insepet.com\/index.php\/wp-json\/wp\/v2\/types\/product"}],"wp:featuredmedia":[{"embeddable":true,"href":"https:\/\/insepet.com\/index.php\/wp-json\/wp\/v2\/media\/1442"}],"wp:attachment":[{"href":"https:\/\/insepet.com\/index.php\/wp-json\/wp\/v2\/media?parent=1441"}],"wp:term":[{"taxonomy":"product_cat","embeddable":true,"href":"https:\/\/insepet.com\/index.php\/wp-json\/wp\/v2\/product_cat?post=1441"},{"taxonomy":"product_tag","embeddable":true,"href":"https:\/\/insepet.com\/index.php\/wp-json\/wp\/v2\/product_tag?post=1441"}],"curies":[{"name":"wp","href":"https:\/\/api.w.org\/{rel}","templated":true}]}}