{"id":1423,"date":"2023-07-12T09:11:02","date_gmt":"2023-07-12T14:11:02","guid":{"rendered":"https:\/\/insepet.com?post_type=product&#038;p=1423"},"modified":"2024-01-24T10:49:15","modified_gmt":"2024-01-24T15:49:15","slug":"transmisor-de-pulso-completo-encore-300-primera-serie","status":"publish","type":"product","link":"https:\/\/insepet.com\/index.php\/producto\/transmisor-de-pulso-completo-encore-300-primera-serie\/","title":{"rendered":"Transmisor de Pulso Completo Encore 300 Primera Serie"},"content":{"rendered":"","protected":false},"excerpt":{"rendered":"<p>El Transmisor de Pulso Completo es un dispositivo que se usa en los dispensadores de combustible para enviar se\u00f1ales electr\u00f3nicas que representan la cantidad de combustible dispensado. En el caso espec\u00edfico del Transmisor de Pulso Completo de la serie Encore 300 de Gilbarco, es un sensor de alta precisi\u00f3n que se utiliza para enviar se\u00f1ales de pulso al controlador de dispensaci\u00f3n. Este dispositivo convierte la rotaci\u00f3n mec\u00e1nica del medidor de flujo en se\u00f1ales electr\u00f3nicas que son procesadas por el controlador para medir la cantidad de combustible dispensado.<\/p>\n","protected":false},"featured_media":1424,"template":"","meta":[],"product_cat":[31],"product_tag":[],"class_list":{"0":"post-1423","1":"product","2":"type-product","3":"status-publish","4":"has-post-thumbnail","6":"product_cat-electronica-para-dispensadores","8":"first","9":"instock","10":"taxable","11":"shipping-taxable","12":"purchasable","13":"product-type-simple"},"jetpack_sharing_enabled":true,"_links":{"self":[{"href":"https:\/\/insepet.com\/index.php\/wp-json\/wp\/v2\/product\/1423","targetHints":{"allow":["GET"]}}],"collection":[{"href":"https:\/\/insepet.com\/index.php\/wp-json\/wp\/v2\/product"}],"about":[{"href":"https:\/\/insepet.com\/index.php\/wp-json\/wp\/v2\/types\/product"}],"wp:featuredmedia":[{"embeddable":true,"href":"https:\/\/insepet.com\/index.php\/wp-json\/wp\/v2\/media\/1424"}],"wp:attachment":[{"href":"https:\/\/insepet.com\/index.php\/wp-json\/wp\/v2\/media?parent=1423"}],"wp:term":[{"taxonomy":"product_cat","embeddable":true,"href":"https:\/\/insepet.com\/index.php\/wp-json\/wp\/v2\/product_cat?post=1423"},{"taxonomy":"product_tag","embeddable":true,"href":"https:\/\/insepet.com\/index.php\/wp-json\/wp\/v2\/product_tag?post=1423"}],"curies":[{"name":"wp","href":"https:\/\/api.w.org\/{rel}","templated":true}]}}