{"id":1421,"date":"2023-07-12T09:09:56","date_gmt":"2023-07-12T14:09:56","guid":{"rendered":"https:\/\/insepet.com?post_type=product&#038;p=1421"},"modified":"2024-01-24T10:48:58","modified_gmt":"2024-01-24T15:48:58","slug":"transformador-encore-500s-24v","status":"publish","type":"product","link":"https:\/\/insepet.com\/index.php\/producto\/transformador-encore-500s-24v\/","title":{"rendered":"Transformador Encore 500S 24V"},"content":{"rendered":"","protected":false},"excerpt":{"rendered":"<p>El transformador utilizado en el dispensador de combustible Gilbarco Encore 500S tiene una salida de 24 voltios de corriente continua (VDC) y una entrada de 120 o 240 voltios de corriente alterna (VAC), dependiendo de la configuraci\u00f3n el\u00e9ctrica del dispensador. Es importante asegurarse de utilizar el transformador adecuado para evitar da\u00f1os en el equipo.<\/p>\n","protected":false},"featured_media":1422,"template":"","meta":[],"product_cat":[31],"product_tag":[],"class_list":{"0":"post-1421","1":"product","2":"type-product","3":"status-publish","4":"has-post-thumbnail","6":"product_cat-electronica-para-dispensadores","8":"first","9":"instock","10":"taxable","11":"shipping-taxable","12":"purchasable","13":"product-type-simple"},"jetpack_sharing_enabled":true,"_links":{"self":[{"href":"https:\/\/insepet.com\/index.php\/wp-json\/wp\/v2\/product\/1421","targetHints":{"allow":["GET"]}}],"collection":[{"href":"https:\/\/insepet.com\/index.php\/wp-json\/wp\/v2\/product"}],"about":[{"href":"https:\/\/insepet.com\/index.php\/wp-json\/wp\/v2\/types\/product"}],"wp:featuredmedia":[{"embeddable":true,"href":"https:\/\/insepet.com\/index.php\/wp-json\/wp\/v2\/media\/1422"}],"wp:attachment":[{"href":"https:\/\/insepet.com\/index.php\/wp-json\/wp\/v2\/media?parent=1421"}],"wp:term":[{"taxonomy":"product_cat","embeddable":true,"href":"https:\/\/insepet.com\/index.php\/wp-json\/wp\/v2\/product_cat?post=1421"},{"taxonomy":"product_tag","embeddable":true,"href":"https:\/\/insepet.com\/index.php\/wp-json\/wp\/v2\/product_tag?post=1421"}],"curies":[{"name":"wp","href":"https:\/\/api.w.org\/{rel}","templated":true}]}}