{"id":1417,"date":"2023-07-12T09:02:27","date_gmt":"2023-07-12T14:02:27","guid":{"rendered":"https:\/\/insepet.com?post_type=product&#038;p=1417"},"modified":"2024-01-24T10:31:27","modified_gmt":"2024-01-24T15:31:27","slug":"transformador-220v-a-110-para-equipo-prime","status":"publish","type":"product","link":"https:\/\/insepet.com\/index.php\/producto\/transformador-220v-a-110-para-equipo-prime\/","title":{"rendered":"Transformador 220V a 110 para Equipo Prime"},"content":{"rendered":"","protected":false},"excerpt":{"rendered":"<p>El transformador 220V a 110V para el equipo Prime es un dispositivo que convierte la corriente el\u00e9ctrica de 220V de entrada a una corriente el\u00e9ctrica de 110V de salida. Este transformador se utiliza para alimentar el equipo Prime en lugares donde la tensi\u00f3n el\u00e9ctrica disponible es de 220V y el equipo requiere 110V. Es importante asegurarse de que el transformador tenga una capacidad de potencia suficiente para alimentar el equipo Prime y de que est\u00e9 dise\u00f1ado para la frecuencia el\u00e9ctrica de la regi\u00f3n en la que se va a utilizar.<\/p>\n","protected":false},"featured_media":1418,"template":"","meta":[],"product_cat":[31],"product_tag":[],"class_list":{"0":"post-1417","1":"product","2":"type-product","3":"status-publish","4":"has-post-thumbnail","6":"product_cat-electronica-para-dispensadores","8":"first","9":"instock","10":"taxable","11":"shipping-taxable","12":"purchasable","13":"product-type-simple"},"jetpack_sharing_enabled":true,"_links":{"self":[{"href":"https:\/\/insepet.com\/index.php\/wp-json\/wp\/v2\/product\/1417","targetHints":{"allow":["GET"]}}],"collection":[{"href":"https:\/\/insepet.com\/index.php\/wp-json\/wp\/v2\/product"}],"about":[{"href":"https:\/\/insepet.com\/index.php\/wp-json\/wp\/v2\/types\/product"}],"wp:featuredmedia":[{"embeddable":true,"href":"https:\/\/insepet.com\/index.php\/wp-json\/wp\/v2\/media\/1418"}],"wp:attachment":[{"href":"https:\/\/insepet.com\/index.php\/wp-json\/wp\/v2\/media?parent=1417"}],"wp:term":[{"taxonomy":"product_cat","embeddable":true,"href":"https:\/\/insepet.com\/index.php\/wp-json\/wp\/v2\/product_cat?post=1417"},{"taxonomy":"product_tag","embeddable":true,"href":"https:\/\/insepet.com\/index.php\/wp-json\/wp\/v2\/product_tag?post=1417"}],"curies":[{"name":"wp","href":"https:\/\/api.w.org\/{rel}","templated":true}]}}