{"id":1415,"date":"2023-07-12T08:57:38","date_gmt":"2023-07-12T13:57:38","guid":{"rendered":"https:\/\/insepet.com?post_type=product&#038;p=1415"},"modified":"2024-01-24T10:30:35","modified_gmt":"2024-01-24T15:30:35","slug":"totalizador-electromecanico-prime-7-digitos","status":"publish","type":"product","link":"https:\/\/insepet.com\/index.php\/producto\/totalizador-electromecanico-prime-7-digitos\/","title":{"rendered":"Totalizador Electromec\u00e1nico Prime 7 D\u00edgitos"},"content":{"rendered":"","protected":false},"excerpt":{"rendered":"<p>El totalizador electromec\u00e1nico Prime 7 D\u00edgitos es un dispositivo utilizado en los dispensadores de combustible Prime de Gilbarco Veeder-Root para medir y mostrar la cantidad de combustible dispensado durante una transacci\u00f3n. El totalizador es electromec\u00e1nico, lo que significa que utiliza tanto componentes el\u00e9ctricos como mec\u00e1nicos para su funcionamiento.<\/p>\n<p>Este totalizador cuenta con una pantalla de siete d\u00edgitos y un mecanismo interno que gira para indicar la cantidad de combustible dispensado. Tambi\u00e9n tiene un sensor de flujo de combustible que mide la cantidad de combustible que fluye a trav\u00e9s del dispensador.<\/p>\n<p>El totalizador electromec\u00e1nico Prime 7 D\u00edgitos es una parte importante del dispensador de combustible Prime y se utiliza en todo el mundo en estaciones de servicio y otros lugares donde se dispensa combustible.<\/p>\n","protected":false},"featured_media":1416,"template":"","meta":[],"product_cat":[31],"product_tag":[],"class_list":{"0":"post-1415","1":"product","2":"type-product","3":"status-publish","4":"has-post-thumbnail","6":"product_cat-electronica-para-dispensadores","8":"first","9":"instock","10":"taxable","11":"shipping-taxable","12":"purchasable","13":"product-type-simple"},"jetpack_sharing_enabled":true,"_links":{"self":[{"href":"https:\/\/insepet.com\/index.php\/wp-json\/wp\/v2\/product\/1415","targetHints":{"allow":["GET"]}}],"collection":[{"href":"https:\/\/insepet.com\/index.php\/wp-json\/wp\/v2\/product"}],"about":[{"href":"https:\/\/insepet.com\/index.php\/wp-json\/wp\/v2\/types\/product"}],"wp:featuredmedia":[{"embeddable":true,"href":"https:\/\/insepet.com\/index.php\/wp-json\/wp\/v2\/media\/1416"}],"wp:attachment":[{"href":"https:\/\/insepet.com\/index.php\/wp-json\/wp\/v2\/media?parent=1415"}],"wp:term":[{"taxonomy":"product_cat","embeddable":true,"href":"https:\/\/insepet.com\/index.php\/wp-json\/wp\/v2\/product_cat?post=1415"},{"taxonomy":"product_tag","embeddable":true,"href":"https:\/\/insepet.com\/index.php\/wp-json\/wp\/v2\/product_tag?post=1415"}],"curies":[{"name":"wp","href":"https:\/\/api.w.org\/{rel}","templated":true}]}}