{"id":1403,"date":"2023-07-12T08:32:02","date_gmt":"2023-07-12T13:32:02","guid":{"rendered":"https:\/\/insepet.com?post_type=product&#038;p=1403"},"modified":"2024-01-24T10:17:06","modified_gmt":"2024-01-24T15:17:06","slug":"tarjeta-interfase-hidraulica-para-equipo-prime","status":"publish","type":"product","link":"https:\/\/insepet.com\/index.php\/producto\/tarjeta-interfase-hidraulica-para-equipo-prime\/","title":{"rendered":"Tarjeta Interfase Hidr\u00e1ulica para Equipo Prime"},"content":{"rendered":"","protected":false},"excerpt":{"rendered":"<p>La tarjeta interfaz hidr\u00e1ulica para equipo Prime es un componente electr\u00f3nico utilizado en los dispensadores de combustible Gilbarco Veeder-Root. Esta tarjeta es responsable de controlar y monitorear el flujo de combustible a trav\u00e9s de los componentes hidr\u00e1ulicos del dispensador, incluyendo la bomba, la v\u00e1lvula solenoide y el medidor de flujo. La tarjeta interfaz hidr\u00e1ulica tambi\u00e9n se comunica con otras tarjetas electr\u00f3nicas dentro del dispensador para coordinar el proceso de dispensaci\u00f3n y registrar la informaci\u00f3n de venta. Es un componente cr\u00edtico para el funcionamiento del dispensador y debe ser reemplazado si presenta alg\u00fan fallo.<\/p>\n","protected":false},"featured_media":1404,"template":"","meta":[],"product_cat":[31],"product_tag":[],"class_list":{"0":"post-1403","1":"product","2":"type-product","3":"status-publish","4":"has-post-thumbnail","6":"product_cat-electronica-para-dispensadores","8":"first","9":"instock","10":"taxable","11":"shipping-taxable","12":"purchasable","13":"product-type-simple"},"jetpack_sharing_enabled":true,"_links":{"self":[{"href":"https:\/\/insepet.com\/index.php\/wp-json\/wp\/v2\/product\/1403","targetHints":{"allow":["GET"]}}],"collection":[{"href":"https:\/\/insepet.com\/index.php\/wp-json\/wp\/v2\/product"}],"about":[{"href":"https:\/\/insepet.com\/index.php\/wp-json\/wp\/v2\/types\/product"}],"wp:featuredmedia":[{"embeddable":true,"href":"https:\/\/insepet.com\/index.php\/wp-json\/wp\/v2\/media\/1404"}],"wp:attachment":[{"href":"https:\/\/insepet.com\/index.php\/wp-json\/wp\/v2\/media?parent=1403"}],"wp:term":[{"taxonomy":"product_cat","embeddable":true,"href":"https:\/\/insepet.com\/index.php\/wp-json\/wp\/v2\/product_cat?post=1403"},{"taxonomy":"product_tag","embeddable":true,"href":"https:\/\/insepet.com\/index.php\/wp-json\/wp\/v2\/product_tag?post=1403"}],"curies":[{"name":"wp","href":"https:\/\/api.w.org\/{rel}","templated":true}]}}