{"id":1401,"date":"2023-07-12T08:28:18","date_gmt":"2023-07-12T13:28:18","guid":{"rendered":"https:\/\/insepet.com?post_type=product&#038;p=1401"},"modified":"2024-01-24T10:16:38","modified_gmt":"2024-01-24T15:16:38","slug":"tarjeta-interfase-advantage-segunda-serie","status":"publish","type":"product","link":"https:\/\/insepet.com\/index.php\/producto\/tarjeta-interfase-advantage-segunda-serie\/","title":{"rendered":"Tarjeta Interfase Advantage Segunda Serie"},"content":{"rendered":"","protected":false},"excerpt":{"rendered":"<p>La tarjeta interface Advantage de segunda serie es una placa electr\u00f3nica dise\u00f1ada para ser utilizada en dispensadores de combustible Gilbarco. Esta tarjeta tiene como funci\u00f3n principal controlar y coordinar los diferentes componentes del dispensador, como las bombas de combustible, las v\u00e1lvulas, los sensores y los displays.<\/p>\n<p>La tarjeta interface Advantage de segunda serie ofrece una alta capacidad de procesamiento y un gran n\u00famero de entradas y salidas para la conexi\u00f3n de los diferentes componentes del dispensador. Adem\u00e1s, cuenta con una interfaz de usuario intuitiva y f\u00e1cil de usar, que permite la configuraci\u00f3n y el monitoreo del sistema.<\/p>\n<p>En resumen, la tarjeta interface Advantage de segunda serie es un componente clave en el funcionamiento de los dispensadores de combustible Gilbarco, ya que asegura una operaci\u00f3n segura y eficiente del equipo.<\/p>\n","protected":false},"featured_media":1402,"template":"","meta":[],"product_cat":[31],"product_tag":[],"class_list":{"0":"post-1401","1":"product","2":"type-product","3":"status-publish","4":"has-post-thumbnail","6":"product_cat-electronica-para-dispensadores","8":"first","9":"instock","10":"taxable","11":"shipping-taxable","12":"purchasable","13":"product-type-simple"},"jetpack_sharing_enabled":true,"_links":{"self":[{"href":"https:\/\/insepet.com\/index.php\/wp-json\/wp\/v2\/product\/1401","targetHints":{"allow":["GET"]}}],"collection":[{"href":"https:\/\/insepet.com\/index.php\/wp-json\/wp\/v2\/product"}],"about":[{"href":"https:\/\/insepet.com\/index.php\/wp-json\/wp\/v2\/types\/product"}],"wp:featuredmedia":[{"embeddable":true,"href":"https:\/\/insepet.com\/index.php\/wp-json\/wp\/v2\/media\/1402"}],"wp:attachment":[{"href":"https:\/\/insepet.com\/index.php\/wp-json\/wp\/v2\/media?parent=1401"}],"wp:term":[{"taxonomy":"product_cat","embeddable":true,"href":"https:\/\/insepet.com\/index.php\/wp-json\/wp\/v2\/product_cat?post=1401"},{"taxonomy":"product_tag","embeddable":true,"href":"https:\/\/insepet.com\/index.php\/wp-json\/wp\/v2\/product_tag?post=1401"}],"curies":[{"name":"wp","href":"https:\/\/api.w.org\/{rel}","templated":true}]}}