{"id":1399,"date":"2023-07-12T08:27:13","date_gmt":"2023-07-12T13:27:13","guid":{"rendered":"https:\/\/insepet.com?post_type=product&#038;p=1399"},"modified":"2023-07-14T13:05:30","modified_gmt":"2023-07-14T18:05:30","slug":"tarjeta-fuente-legacy","status":"publish","type":"product","link":"https:\/\/insepet.com\/index.php\/producto\/tarjeta-fuente-legacy\/","title":{"rendered":"Tarjeta Fuente Legacy"},"content":{"rendered":"","protected":false},"excerpt":{"rendered":"<p>La tarjeta de fuente de alimentaci\u00f3n Legacy es una tarjeta electr\u00f3nica que proporciona energ\u00eda el\u00e9ctrica a otros componentes del dispensador de combustible Gilbarco Legacy. Esta tarjeta es esencial para el correcto funcionamiento del dispensador y se asegura de que los componentes electr\u00f3nicos est\u00e9n recibiendo la cantidad adecuada de energ\u00eda el\u00e9ctrica. La tarjeta de fuente de alimentaci\u00f3n Legacy se conecta a la red el\u00e9ctrica y convierte la energ\u00eda de entrada en la forma de corriente el\u00e9ctrica que se necesita para alimentar los componentes electr\u00f3nicos.<\/p>\n","protected":false},"featured_media":1400,"template":"","meta":[],"product_cat":[31],"product_tag":[],"class_list":{"0":"post-1399","1":"product","2":"type-product","3":"status-publish","4":"has-post-thumbnail","6":"product_cat-electronica-para-dispensadores","8":"first","9":"instock","10":"taxable","11":"shipping-taxable","12":"purchasable","13":"product-type-simple"},"jetpack_sharing_enabled":true,"_links":{"self":[{"href":"https:\/\/insepet.com\/index.php\/wp-json\/wp\/v2\/product\/1399","targetHints":{"allow":["GET"]}}],"collection":[{"href":"https:\/\/insepet.com\/index.php\/wp-json\/wp\/v2\/product"}],"about":[{"href":"https:\/\/insepet.com\/index.php\/wp-json\/wp\/v2\/types\/product"}],"wp:featuredmedia":[{"embeddable":true,"href":"https:\/\/insepet.com\/index.php\/wp-json\/wp\/v2\/media\/1400"}],"wp:attachment":[{"href":"https:\/\/insepet.com\/index.php\/wp-json\/wp\/v2\/media?parent=1399"}],"wp:term":[{"taxonomy":"product_cat","embeddable":true,"href":"https:\/\/insepet.com\/index.php\/wp-json\/wp\/v2\/product_cat?post=1399"},{"taxonomy":"product_tag","embeddable":true,"href":"https:\/\/insepet.com\/index.php\/wp-json\/wp\/v2\/product_tag?post=1399"}],"curies":[{"name":"wp","href":"https:\/\/api.w.org\/{rel}","templated":true}]}}