{"id":1373,"date":"2023-07-12T07:47:23","date_gmt":"2023-07-12T12:47:23","guid":{"rendered":"https:\/\/insepet.com?post_type=product&#038;p=1373"},"modified":"2024-01-24T10:14:31","modified_gmt":"2024-01-24T15:14:31","slug":"tarjeta-display-2ppu-encore-500sd","status":"publish","type":"product","link":"https:\/\/insepet.com\/index.php\/producto\/tarjeta-display-2ppu-encore-500sd\/","title":{"rendered":"Tarjeta Display 2PPU Encore 500SD"},"content":{"rendered":"","protected":false},"excerpt":{"rendered":"<p>La tarjeta Display 2PPU para Encore 500S es una placa de circuito impreso que se utiliza para mostrar informaci\u00f3n en la pantalla de la bomba de combustible. Tiene dos PPU (unidades de pago por pulgada cuadrada) que se utilizan para controlar el flujo de combustible y la cantidad que se dispensa. Esta tarjeta se comunica con el controlador principal de la bomba a trav\u00e9s de un bus de datos para recibir informaci\u00f3n y mostrarla en la pantalla. Tambi\u00e9n puede controlar los botones y las luces de la pantalla.<\/p>\n","protected":false},"featured_media":1374,"template":"","meta":[],"product_cat":[31],"product_tag":[],"class_list":{"0":"post-1373","1":"product","2":"type-product","3":"status-publish","4":"has-post-thumbnail","6":"product_cat-electronica-para-dispensadores","8":"first","9":"instock","10":"taxable","11":"shipping-taxable","12":"purchasable","13":"product-type-simple"},"jetpack_sharing_enabled":true,"_links":{"self":[{"href":"https:\/\/insepet.com\/index.php\/wp-json\/wp\/v2\/product\/1373","targetHints":{"allow":["GET"]}}],"collection":[{"href":"https:\/\/insepet.com\/index.php\/wp-json\/wp\/v2\/product"}],"about":[{"href":"https:\/\/insepet.com\/index.php\/wp-json\/wp\/v2\/types\/product"}],"wp:featuredmedia":[{"embeddable":true,"href":"https:\/\/insepet.com\/index.php\/wp-json\/wp\/v2\/media\/1374"}],"wp:attachment":[{"href":"https:\/\/insepet.com\/index.php\/wp-json\/wp\/v2\/media?parent=1373"}],"wp:term":[{"taxonomy":"product_cat","embeddable":true,"href":"https:\/\/insepet.com\/index.php\/wp-json\/wp\/v2\/product_cat?post=1373"},{"taxonomy":"product_tag","embeddable":true,"href":"https:\/\/insepet.com\/index.php\/wp-json\/wp\/v2\/product_tag?post=1373"}],"curies":[{"name":"wp","href":"https:\/\/api.w.org\/{rel}","templated":true}]}}