{"id":1362,"date":"2023-07-11T14:05:33","date_gmt":"2023-07-11T19:05:33","guid":{"rendered":"https:\/\/insepet.com?post_type=product&#038;p=1362"},"modified":"2024-01-24T10:03:23","modified_gmt":"2024-01-24T15:03:23","slug":"tarjeta-de-comunicacion-equipo-prime","status":"publish","type":"product","link":"https:\/\/insepet.com\/index.php\/producto\/tarjeta-de-comunicacion-equipo-prime\/","title":{"rendered":"Tarjeta de Comunicaci\u00f3n Equipo Prime"},"content":{"rendered":"","protected":false},"excerpt":{"rendered":"<p>La tarjeta de comunicaci\u00f3n para el equipo Prime es un componente esencial para la transmisi\u00f3n de datos en la estaci\u00f3n de servicio. Esta tarjeta permite la comunicaci\u00f3n entre los diferentes equipos que forman parte de la estaci\u00f3n de servicio, tales como dispensadores, sistemas de monitoreo y control de inventario, sistemas de pago y otros dispositivos. De esta manera, se asegura la integraci\u00f3n y coordinaci\u00f3n de todos los componentes para un correcto funcionamiento del sistema. La tarjeta de comunicaci\u00f3n es compatible con diversos protocolos de comunicaci\u00f3n, lo que permite su uso en diferentes tipos de estaciones de servicio.<\/p>\n","protected":false},"featured_media":1363,"template":"","meta":[],"product_cat":[31],"product_tag":[],"class_list":{"0":"post-1362","1":"product","2":"type-product","3":"status-publish","4":"has-post-thumbnail","6":"product_cat-electronica-para-dispensadores","8":"first","9":"instock","10":"taxable","11":"shipping-taxable","12":"purchasable","13":"product-type-simple"},"jetpack_sharing_enabled":true,"_links":{"self":[{"href":"https:\/\/insepet.com\/index.php\/wp-json\/wp\/v2\/product\/1362","targetHints":{"allow":["GET"]}}],"collection":[{"href":"https:\/\/insepet.com\/index.php\/wp-json\/wp\/v2\/product"}],"about":[{"href":"https:\/\/insepet.com\/index.php\/wp-json\/wp\/v2\/types\/product"}],"wp:featuredmedia":[{"embeddable":true,"href":"https:\/\/insepet.com\/index.php\/wp-json\/wp\/v2\/media\/1363"}],"wp:attachment":[{"href":"https:\/\/insepet.com\/index.php\/wp-json\/wp\/v2\/media?parent=1362"}],"wp:term":[{"taxonomy":"product_cat","embeddable":true,"href":"https:\/\/insepet.com\/index.php\/wp-json\/wp\/v2\/product_cat?post=1362"},{"taxonomy":"product_tag","embeddable":true,"href":"https:\/\/insepet.com\/index.php\/wp-json\/wp\/v2\/product_tag?post=1362"}],"curies":[{"name":"wp","href":"https:\/\/api.w.org\/{rel}","templated":true}]}}