{"id":1357,"date":"2023-07-11T13:52:06","date_gmt":"2023-07-11T18:52:06","guid":{"rendered":"https:\/\/insepet.com?post_type=product&#038;p=1357"},"modified":"2024-01-24T10:02:57","modified_gmt":"2024-01-24T15:02:57","slug":"tarjeta-controladora-equipo-prime-4x4-alto","status":"publish","type":"product","link":"https:\/\/insepet.com\/index.php\/producto\/tarjeta-controladora-equipo-prime-4x4-alto\/","title":{"rendered":"Tarjeta Controladora Equipo Prime (4&#215;4) Alto"},"content":{"rendered":"","protected":false},"excerpt":{"rendered":"<p>La tarjeta controladora de equipo Prime (4&#215;4) Alto es un componente electr\u00f3nico que se utiliza en los sistemas de gesti\u00f3n de combustibles para controlar el suministro de combustible en estaciones de servicio. Esta tarjeta es compatible con los dispensadores de combustible de la serie Prime (4&#215;4) Alto y se utiliza para controlar la entrega de combustible, llevar un registro de la cantidad de combustible dispensado y realizar tareas de monitoreo y diagn\u00f3stico. La tarjeta est\u00e1 dise\u00f1ada para ser confiable y f\u00e1cil de usar, y est\u00e1 construida con materiales de alta calidad para garantizar una larga vida \u00fatil.<\/p>\n","protected":false},"featured_media":1358,"template":"","meta":[],"product_cat":[31],"product_tag":[],"class_list":{"0":"post-1357","1":"product","2":"type-product","3":"status-publish","4":"has-post-thumbnail","6":"product_cat-electronica-para-dispensadores","8":"first","9":"instock","10":"taxable","11":"shipping-taxable","12":"purchasable","13":"product-type-simple"},"jetpack_sharing_enabled":true,"_links":{"self":[{"href":"https:\/\/insepet.com\/index.php\/wp-json\/wp\/v2\/product\/1357","targetHints":{"allow":["GET"]}}],"collection":[{"href":"https:\/\/insepet.com\/index.php\/wp-json\/wp\/v2\/product"}],"about":[{"href":"https:\/\/insepet.com\/index.php\/wp-json\/wp\/v2\/types\/product"}],"wp:featuredmedia":[{"embeddable":true,"href":"https:\/\/insepet.com\/index.php\/wp-json\/wp\/v2\/media\/1358"}],"wp:attachment":[{"href":"https:\/\/insepet.com\/index.php\/wp-json\/wp\/v2\/media?parent=1357"}],"wp:term":[{"taxonomy":"product_cat","embeddable":true,"href":"https:\/\/insepet.com\/index.php\/wp-json\/wp\/v2\/product_cat?post=1357"},{"taxonomy":"product_tag","embeddable":true,"href":"https:\/\/insepet.com\/index.php\/wp-json\/wp\/v2\/product_tag?post=1357"}],"curies":[{"name":"wp","href":"https:\/\/api.w.org\/{rel}","templated":true}]}}