{"id":1307,"date":"2023-07-11T10:35:05","date_gmt":"2023-07-11T15:35:05","guid":{"rendered":"https:\/\/insepet.com?post_type=product&#038;p=1307"},"modified":"2024-01-23T14:20:20","modified_gmt":"2024-01-23T19:20:20","slug":"diafragma-advantage-legacy-dimension","status":"publish","type":"product","link":"https:\/\/insepet.com\/index.php\/producto\/diafragma-advantage-legacy-dimension\/","title":{"rendered":"Diafragma Advantage \/ Legacy \/ Dimension"},"content":{"rendered":"","protected":false},"excerpt":{"rendered":"<p>El diafragma R19093-02 es una pieza de repuesto utilizada en los dispensadores de combustible Gilbarco Veeder-Root de las series Advantage, Legacy y Dimension. Se encuentra ubicado dentro del medidor de flujo y es responsable de medir la cantidad de combustible que fluye a trav\u00e9s del dispensador. El diafragma est\u00e1 hecho de un material duradero y resistente a los qu\u00edmicos para garantizar una larga vida \u00fatil. Es importante reemplazar el diafragma peri\u00f3dicamente para garantizar la precisi\u00f3n de la medici\u00f3n del flujo de combustible y el correcto funcionamiento del dispensador.<\/p>\n","protected":false},"featured_media":1308,"template":"","meta":[],"product_cat":[32],"product_tag":[],"class_list":{"0":"post-1307","1":"product","2":"type-product","3":"status-publish","4":"has-post-thumbnail","6":"product_cat-hidraulica-para-dispensadores","8":"first","9":"instock","10":"taxable","11":"shipping-taxable","12":"purchasable","13":"product-type-simple"},"jetpack_sharing_enabled":true,"_links":{"self":[{"href":"https:\/\/insepet.com\/index.php\/wp-json\/wp\/v2\/product\/1307","targetHints":{"allow":["GET"]}}],"collection":[{"href":"https:\/\/insepet.com\/index.php\/wp-json\/wp\/v2\/product"}],"about":[{"href":"https:\/\/insepet.com\/index.php\/wp-json\/wp\/v2\/types\/product"}],"wp:featuredmedia":[{"embeddable":true,"href":"https:\/\/insepet.com\/index.php\/wp-json\/wp\/v2\/media\/1308"}],"wp:attachment":[{"href":"https:\/\/insepet.com\/index.php\/wp-json\/wp\/v2\/media?parent=1307"}],"wp:term":[{"taxonomy":"product_cat","embeddable":true,"href":"https:\/\/insepet.com\/index.php\/wp-json\/wp\/v2\/product_cat?post=1307"},{"taxonomy":"product_tag","embeddable":true,"href":"https:\/\/insepet.com\/index.php\/wp-json\/wp\/v2\/product_tag?post=1307"}],"curies":[{"name":"wp","href":"https:\/\/api.w.org\/{rel}","templated":true}]}}