{"id":1282,"date":"2023-07-10T12:01:05","date_gmt":"2023-07-10T17:01:05","guid":{"rendered":"https:\/\/insepet.com?post_type=product&#038;p=1282"},"modified":"2025-08-21T06:13:55","modified_gmt":"2025-08-21T11:13:55","slug":"tarjeta-controladora-encore-sd","status":"publish","type":"product","link":"https:\/\/insepet.com\/index.php\/producto\/tarjeta-controladora-encore-sd\/","title":{"rendered":"Tarjeta Controladora Encore SD"},"content":{"rendered":"","protected":false},"excerpt":{"rendered":"<p>La tarjeta controladora Encore SD es un componente electr\u00f3nico utilizado en los dispensadores de combustible Encore fabricados por la empresa Gilbarco Veeder-Root. Esta tarjeta es responsable de controlar y coordinar los diferentes sistemas de los dispensadores, tales como la medici\u00f3n y suministro de combustible, el control de precios, la impresi\u00f3n de recibos y la comunicaci\u00f3n con otros dispositivos. Tambi\u00e9n es capaz de monitorear y diagnosticar posibles problemas en el sistema. La tarjeta controladora Encore SD es una pieza clave para el correcto funcionamiento de los dispensadores Encore y asegura una operaci\u00f3n confiable y segura para los usuarios.<\/p>\n","protected":false},"featured_media":1283,"template":"","meta":[],"product_cat":[31],"product_tag":[],"class_list":{"0":"post-1282","1":"product","2":"type-product","3":"status-publish","4":"has-post-thumbnail","6":"product_cat-electronica-para-dispensadores","8":"first","9":"instock","10":"taxable","11":"shipping-taxable","12":"purchasable","13":"product-type-simple"},"jetpack_sharing_enabled":true,"_links":{"self":[{"href":"https:\/\/insepet.com\/index.php\/wp-json\/wp\/v2\/product\/1282","targetHints":{"allow":["GET"]}}],"collection":[{"href":"https:\/\/insepet.com\/index.php\/wp-json\/wp\/v2\/product"}],"about":[{"href":"https:\/\/insepet.com\/index.php\/wp-json\/wp\/v2\/types\/product"}],"wp:featuredmedia":[{"embeddable":true,"href":"https:\/\/insepet.com\/index.php\/wp-json\/wp\/v2\/media\/1283"}],"wp:attachment":[{"href":"https:\/\/insepet.com\/index.php\/wp-json\/wp\/v2\/media?parent=1282"}],"wp:term":[{"taxonomy":"product_cat","embeddable":true,"href":"https:\/\/insepet.com\/index.php\/wp-json\/wp\/v2\/product_cat?post=1282"},{"taxonomy":"product_tag","embeddable":true,"href":"https:\/\/insepet.com\/index.php\/wp-json\/wp\/v2\/product_tag?post=1282"}],"curies":[{"name":"wp","href":"https:\/\/api.w.org\/{rel}","templated":true}]}}