{"id":831,"date":"2023-06-19T18:32:06","date_gmt":"2023-06-19T23:32:06","guid":{"rendered":"https:\/\/insepet.com?page_id=831"},"modified":"2023-08-13T23:03:06","modified_gmt":"2023-08-14T04:03:06","slug":"servicio-tecnico","status":"publish","type":"page","link":"https:\/\/insepet.com\/index.php\/servicios\/servicio-tecnico\/","title":{"rendered":"Servicio T\u00e9cnico"},"content":{"rendered":"\t\t<div data-elementor-type=\"wp-page\" data-elementor-id=\"831\" class=\"elementor elementor-831\">\n\t\t\t\t\t\t<section data-particle_enable=\"false\" data-particle-mobile-disabled=\"false\" class=\"elementor-section elementor-top-section elementor-element elementor-element-5117b0e elementor-section-content-middle elementor-reverse-tablet elementor-reverse-mobile elementor-section-boxed elementor-section-height-default elementor-section-height-default\" data-id=\"5117b0e\" data-element_type=\"section\" data-settings=\"{&quot;_ha_eqh_enable&quot;:false}\">\n\t\t\t\t\t\t<div class=\"elementor-container elementor-column-gap-no\">\n\t\t\t\t\t<div class=\"aux-parallax-section elementor-column elementor-col-50 elementor-top-column elementor-element elementor-element-84e8d35\" data-id=\"84e8d35\" data-element_type=\"column\">\n\t\t\t<div class=\"elementor-widget-wrap elementor-element-populated\">\n\t\t\t\t\t\t<div class=\"elementor-element elementor-element-3dc79fd aux-appear-watch-animation aux-fade-in-left-1 elementor-widget elementor-widget-aux_image\" data-id=\"3dc79fd\" data-element_type=\"widget\" data-widget_type=\"aux_image.default\">\n\t\t\t\t<div class=\"elementor-widget-container\">\n\t\t\t<section class=\"widget-container aux-widget-image aux-alignnone aux-parent-au8259a415\">\n    <div class=\"aux-media-hint-frame \">\n        <div class=\"aux-media-image \" >\n        \n            \n\n            \n            <img fetchpriority=\"high\" decoding=\"async\" width=\"600\" height=\"600\" src=\"https:\/\/insepet.com\/wp-content\/uploads\/2023\/08\/DSC03868-scaled-600x600.jpg\" class=\"aux-attachment aux-featured-image aux-attachment-id-2484\" alt=\"DSC03868\" srcset=\"https:\/\/insepet.com\/wp-content\/uploads\/2023\/08\/DSC03868-scaled-150x150.jpg 150w,https:\/\/insepet.com\/wp-content\/uploads\/2023\/08\/DSC03868-scaled-300x300.jpg 300w,https:\/\/insepet.com\/wp-content\/uploads\/2023\/08\/DSC03868-scaled-768x768.jpg 768w,https:\/\/insepet.com\/wp-content\/uploads\/2023\/08\/DSC03868-scaled-1024x1024.jpg 1024w,https:\/\/insepet.com\/wp-content\/uploads\/2023\/08\/DSC03868-scaled-600x600.jpg 600w\" data-ratio=\"1\" data-original-w=\"1920\" sizes=\"(max-width:479px) 480px,(max-width:767px) 768px,(max-width:1023px) 1024px,600px\" \/>            \n                <\/div>\n    <\/div>\n\n<\/section><!-- widget-container -->\t\t<\/div>\n\t\t\t\t<\/div>\n\t\t\t\t\t<\/div>\n\t\t<\/div>\n\t\t\t\t<div class=\"aux-parallax-section elementor-column elementor-col-50 elementor-top-column elementor-element elementor-element-7f77bb8\" data-id=\"7f77bb8\" data-element_type=\"column\">\n\t\t\t<div class=\"elementor-widget-wrap elementor-element-populated\">\n\t\t\t\t\t\t<div class=\"elementor-element elementor-element-8209498 elementor-widget__width-auto elementor-widget elementor-widget-aux_simple_svg\" data-id=\"8209498\" data-element_type=\"widget\" data-widget_type=\"aux_simple_svg.default\">\n\t\t\t\t<div class=\"elementor-widget-container\">\n\t\t\t    <div class=\"aux-widget-container aux-simple-svg-container\">\n        <div class=\"aux-widget-container-inner\">\n            <div class=\"aux-the-svg\"><img decoding=\"async\" src=\"https:\/\/insepet.com\/wp-content\/uploads\/2020\/05\/Subtraction-4.svg\" title=\"demo-attachment-228-Subtraction-4\" alt=\"demo-attachment-228-Subtraction-4\" loading=\"lazy\" \/><\/div>\n        <\/div>\n    <\/div>\n    \t\t<\/div>\n\t\t\t\t<\/div>\n\t\t\t\t<div class=\"elementor-element elementor-element-e82a662 aux-appear-watch-animation aux-fade-in-up elementor-widget elementor-widget-aux_modern_heading\" data-id=\"e82a662\" data-element_type=\"widget\" data-widget_type=\"aux_modern_heading.default\">\n\t\t\t\t<div class=\"elementor-widget-container\">\n\t\t\t<section class=\"aux-widget-modern-heading\">\n            <div class=\"aux-widget-inner\"><h2 class=\"aux-modern-heading-primary\">Servicio T\u00e9cnico<\/h2><h3 class=\"aux-modern-heading-secondary\"><span class=\"aux-head-before\">Comodidad y Confiabilidad<\/span><\/h3><div class=\"aux-modern-heading-divider\"><\/div><div class=\"aux-modern-heading-description\"><p>El Servicio T\u00e9cnico de Insepet est\u00e1 presente en todo el pa\u00eds como uno de los distribuidores de dispensadores\/surtidores m\u00e1s importantes. La red global de ventas y asistencia t\u00e9cnica, con personal altamente calificado , garantiza la disponibilidad de todos los equipos de su EDS.<\/p><p>Evaluamos de forma individual los equipos de la EDS de cada uno de nuestros clientes y brindamos la soluci\u00f3n m\u00e1s eficiente y efectiva. Insepet cuenta con asistencia t\u00e9cnica en todo el pa\u00eds garantizando la funcionabilidad de sus equipos, as\u00ed nuestros clientes disponen del mejor servicio de postventa de la industria.<\/p><p>\u00a0<\/p><h5>Conoce las ventajas de nuestro servicio:<\/h5><\/div><\/div>\n        <\/section>\t\t<\/div>\n\t\t\t\t<\/div>\n\t\t\t\t<div class=\"elementor-element elementor-element-4440d81 ha-content--column ha-align--flex-start ha-icon--row elementor-widget elementor-widget-ha-feature-list happy-addon ha-feature-list happy-addon-pro\" data-id=\"4440d81\" data-element_type=\"widget\" data-widget_type=\"ha-feature-list.default\">\n\t\t\t\t<div class=\"elementor-widget-container\">\n\t\t\t\n        <ul class=\"ha-feature-list-wrap\">\n                            <li class=\"ha-list-item\">\n                                            <div class=\"ha-content\">\n                    \n\t\t\t\t\t\t                            <div class=\"ha-icon icon\">\n\t\t\t\t\t\t\t\t<i aria-hidden=\"true\" class=\"fas fa-check\"><\/i>                            <\/div>\n                        \n                        <div class=\"ha-text\">\n                            Confiabilidad y disponibilidad operativa optimizada.                        <\/div>\n\n                                        <\/div>\n                                    <\/li>\n                            <li class=\"ha-list-item\">\n                                            <div class=\"ha-content\">\n                    \n\t\t\t\t\t\t                            <div class=\"ha-icon icon\">\n\t\t\t\t\t\t\t\t<i aria-hidden=\"true\" class=\"fas fa-check\"><\/i>                            <\/div>\n                        \n                        <div class=\"ha-text\">\n                            Bajos costos operativos.                        <\/div>\n\n                                        <\/div>\n                                    <\/li>\n                            <li class=\"ha-list-item\">\n                                            <div class=\"ha-content\">\n                    \n\t\t\t\t\t\t                            <div class=\"ha-icon icon\">\n\t\t\t\t\t\t\t\t<i aria-hidden=\"true\" class=\"fas fa-check\"><\/i>                            <\/div>\n                        \n                        <div class=\"ha-text\">\n                            Buena conservaci\u00f3n de los equipos a largo plazo.                        <\/div>\n\n                                        <\/div>\n                                    <\/li>\n                    <\/ul>\n\n        \t\t<\/div>\n\t\t\t\t<\/div>\n\t\t\t\t\t<\/div>\n\t\t<\/div>\n\t\t\t\t\t<\/div>\n\t\t<\/section>\n\t\t\t\t<section data-particle_enable=\"false\" data-particle-mobile-disabled=\"false\" class=\"elementor-section elementor-top-section elementor-element elementor-element-b63b2c9 team elementor-section-boxed elementor-section-height-default elementor-section-height-default\" data-id=\"b63b2c9\" data-element_type=\"section\" data-settings=\"{&quot;_ha_eqh_enable&quot;:false}\">\n\t\t\t\t\t\t<div class=\"elementor-container elementor-column-gap-no\">\n\t\t\t\t\t<div class=\"aux-parallax-section elementor-column elementor-col-100 elementor-top-column elementor-element elementor-element-2a22d28\" data-id=\"2a22d28\" data-element_type=\"column\">\n\t\t\t<div class=\"elementor-widget-wrap elementor-element-populated\">\n\t\t\t\t\t\t<div class=\"elementor-element elementor-element-022e433 aux-appear-watch-animation aux-scale-down elementor-widget elementor-widget-aux_modern_heading\" data-id=\"022e433\" data-element_type=\"widget\" data-widget_type=\"aux_modern_heading.default\">\n\t\t\t\t<div class=\"elementor-widget-container\">\n\t\t\t<section class=\"aux-widget-modern-heading\">\n            <div class=\"aux-widget-inner\"><h2 class=\"aux-modern-heading-primary\">Servicio T\u00e9cnico<\/h2><h3 class=\"aux-modern-heading-secondary\"><span class=\"aux-head-before\">Mant\u00e9n tu EDS 100% Operativa<\/span><\/h3><div class=\"aux-modern-heading-divider\"><\/div><\/div>\n        <\/section>\t\t<\/div>\n\t\t\t\t<\/div>\n\t\t\t\t\t<\/div>\n\t\t<\/div>\n\t\t\t\t\t<\/div>\n\t\t<\/section>\n\t\t\t\t<section data-particle_enable=\"false\" data-particle-mobile-disabled=\"false\" class=\"elementor-section elementor-top-section elementor-element elementor-element-393f4c1 elementor-section-boxed elementor-section-height-default elementor-section-height-default\" data-id=\"393f4c1\" data-element_type=\"section\" data-settings=\"{&quot;_ha_eqh_enable&quot;:false}\">\n\t\t\t\t\t\t<div class=\"elementor-container elementor-column-gap-default\">\n\t\t\t\t\t<div class=\"aux-parallax-section elementor-column elementor-col-100 elementor-top-column elementor-element elementor-element-ec7f83c\" data-id=\"ec7f83c\" data-element_type=\"column\">\n\t\t\t<div class=\"elementor-widget-wrap elementor-element-populated\">\n\t\t\t\t\t\t<div class=\"elementor-element elementor-element-0ac099b elementor-widget elementor-widget-ha-advanced-tabs happy-addon ha-advanced-tabs happy-addon-pro\" data-id=\"0ac099b\" data-element_type=\"widget\" data-widget_type=\"ha-advanced-tabs.default\">\n\t\t\t\t<div class=\"elementor-widget-container\">\n\t\t\t\t\t<div class=\"ha-tabs-0ac099b ha-tabs ha-tabs--nav-left  ha-tabs--nav-y-top ha-tabs--icon-left\" role=\"tablist\">\n\t\t\t<div class=\"ha-tabs__nav\">\n\t\t\t\t\t\t\t\t\t<div id=\"ha-tab-title-1121\" class=\"ha-tab__title ha-tab__title--desktop elementor-repeater-item-fe4bb40\" data-tab=\"1\" role=\"tab\" aria-controls=\"ha-tab__content-1121\">\n\t\t\t\t\t\t\t\t\t\t\t\t<span class=\"ha-tab__title-text\">Mantenimiento Preventivo<\/span><\/div>\n\t\t\t\t\t\t\t\t\t<div id=\"ha-tab-title-1122\" class=\"ha-tab__title ha-tab__title--desktop elementor-repeater-item-ba7bbcf\" data-tab=\"2\" role=\"tab\" aria-controls=\"ha-tab__content-1122\">\n\t\t\t\t\t\t\t\t\t\t\t\t<span class=\"ha-tab__title-text\">Mantenimiento Correctivo<\/span><\/div>\n\t\t\t\t\t\t\t\t\t<div id=\"ha-tab-title-1123\" class=\"ha-tab__title ha-tab__title--desktop elementor-repeater-item-edd5131\" data-tab=\"3\" role=\"tab\" aria-controls=\"ha-tab__content-1123\">\n\t\t\t\t\t\t\t\t\t\t\t\t<span class=\"ha-tab__title-text\">Contratos de Mantenimiento<\/span><\/div>\n\t\t\t\t\t\t\t<\/div>\n\t\t\t<div class=\"ha-tabs__content\">\n\t\t\t\t\t\t\t\t\t<div class=\"ha-tab__title ha-tab__title--mobile elementor-repeater-item-fe4bb40\" data-tab=\"1\" role=\"tab\">\n\t\t\t\t\t\t\t\t\t\t\t\t<span class=\"ha-tab__title-text\">Mantenimiento Preventivo<\/span>\n\t\t\t\t\t<\/div>\n\t\t\t\t\t<div id=\"ha-tab-content-1121\" class=\"ha-tab__content ha-clearfix elementor-repeater-item-fe4bb40\" data-tab=\"1\" role=\"tabpanel\" aria-labelledby=\"ha-tab-title-1121\">\n\t\t\t\t\t\t<h4>Mantenimiento Preventivo<\/h4>\nLas inspecciones preventivas a las estaciones de servicio ser\u00e1n realizadas por t\u00e9cnicos de asistencia Insepet de acuerdo a las necesidades de los equipos y a los intervalos establecidos permitiendo informar al usuario de los trabajos de mantenimiento precisos.\n<div class=\"cuadro-img-texto\">\n<div class=\"imagen-mtto\"><img decoding=\"async\" class=\"alignnone wp-image-2523 size-medium\" src=\"http:\/\/200.122.249.83\/insepetNewPage\/wp-content\/uploads\/2023\/08\/WhatsApp-Image-2020-02-28-at-7.23.26-AM1-300x300.jpeg\" alt=\"\" width=\"300\" height=\"300\" srcset=\"https:\/\/insepet.com\/wp-content\/uploads\/2023\/08\/WhatsApp-Image-2020-02-28-at-7.23.26-AM1-300x300.jpeg 300w, https:\/\/insepet.com\/wp-content\/uploads\/2023\/08\/WhatsApp-Image-2020-02-28-at-7.23.26-AM1-150x150.jpeg 150w, https:\/\/insepet.com\/wp-content\/uploads\/2023\/08\/WhatsApp-Image-2020-02-28-at-7.23.26-AM1-100x100.jpeg 100w\" sizes=\"(max-width: 300px) 100vw, 300px\" \/><\/div>\n<div class=\"texto-mtto\">\n<ul>\n \t<li>Durante la inspecci\u00f3n, el t\u00e9cnico de asistencia Insepet comprueba todas las piezas relevantes para el funcionamiento y la seguridad de los componentes de la estaci\u00f3n de servicio.<\/li>\n \t<li>La completa documentaci\u00f3n de asistencia aporta seguridad, tambi\u00e9n en lo referente a las normativas actuales de prevenci\u00f3n de accidentes. De esta manera quedan garantizadas la confiabilidad de servicio y la disponibilidad de la estaci\u00f3n de servicio en todo momento.<\/li>\n \t<li>Las fechas de las inspecciones se determinar\u00e1n en cada caso atendiendo a las necesidades particulares del usuario.<\/li>\n<\/ul>\n<\/div>\n<\/div>\t\t\t\t\t<\/div>\n\t\t\t\t\t\t\t\t\t<div class=\"ha-tab__title ha-tab__title--mobile elementor-repeater-item-ba7bbcf\" data-tab=\"2\" role=\"tab\">\n\t\t\t\t\t\t\t\t\t\t\t\t<span class=\"ha-tab__title-text\">Mantenimiento Correctivo<\/span>\n\t\t\t\t\t<\/div>\n\t\t\t\t\t<div id=\"ha-tab-content-1122\" class=\"ha-tab__content ha-clearfix elementor-repeater-item-ba7bbcf\" data-tab=\"2\" role=\"tabpanel\" aria-labelledby=\"ha-tab-title-1122\">\n\t\t\t\t\t\t<h4>Mantenimiento Correctivo<\/h4>\nEl mantenimiento correctivo es la manera ideal de maximizar el funcionamiento de los equipos de la estacion de servicio. Los t\u00e9cnicos de Servicio Insepet inspeccionan y mantienen sus equipos en intervalos regulares de tiempo de acuerdo al producto en particular, as\u00ed como la falla encontrada en el sitio.\n<div class=\"cuadro-img-texto\">\n<div class=\"imagen-mtto\"><img decoding=\"async\" class=\"alignleft wp-image-836 size-medium\" src=\"http:\/\/200.122.249.83\/insepetNewPage\/wp-content\/uploads\/2023\/06\/Imagen1-300x300.jpg\" alt=\"\" width=\"300\" height=\"300\" data-wp-editing=\"1\" srcset=\"https:\/\/insepet.com\/wp-content\/uploads\/2023\/06\/Imagen1-300x300.jpg 300w, https:\/\/insepet.com\/wp-content\/uploads\/2023\/06\/Imagen1-150x150.jpg 150w\" sizes=\"(max-width: 300px) 100vw, 300px\" \/><\/div>\n<div class=\"texto-mtto\">\n<ul>\n \t<li>Las piezas de mantenimiento se sustituyen conforme a la lista de comprobaci\u00f3n.<\/li>\n \t<li>Los componentes principales para el funcionamiento y la seguridad se someten a control y se sustituyen en caso necesario tras consultar al usuario.<\/li>\n \t<li>La completa documentaci\u00f3n de asistencia aporta seguridad, tambi\u00e9n en lo referente a las normativas actuales de prevenci\u00f3n de accidentes. De esta manera quedan garantizadas la confiabilidad de servicio y la disponibilidad de la estaci\u00f3n de servicio en todo momento.<\/li>\n \t<li>Las fechas de las inspecciones se determinar\u00e1n en cada caso atendiendo a las necesidades particulares del usuario.<\/li>\n \t<li>Si el cliente lo solicita, nos encargamos del reciclaje de productos de servicio y piezas de mantenimiento usadas.<\/li>\n<\/ul>\n<\/div>\n<\/div>\t\t\t\t\t<\/div>\n\t\t\t\t\t\t\t\t\t<div class=\"ha-tab__title ha-tab__title--mobile elementor-repeater-item-edd5131\" data-tab=\"3\" role=\"tab\">\n\t\t\t\t\t\t\t\t\t\t\t\t<span class=\"ha-tab__title-text\">Contratos de Mantenimiento<\/span>\n\t\t\t\t\t<\/div>\n\t\t\t\t\t<div id=\"ha-tab-content-1123\" class=\"ha-tab__content ha-clearfix elementor-repeater-item-edd5131\" data-tab=\"3\" role=\"tabpanel\" aria-labelledby=\"ha-tab-title-1123\">\n\t\t\t\t\t\t<h4>Contratos de Mantenimiento<\/h4><p>El contrato de Mantenimiento de Insepet es la garant\u00eda de que todos los equipos de su estaci\u00f3n de servicio brinden un desempe\u00f1o \u00f3ptimo a lo largo de toda la vida \u00fatil y conserven su valor m\u00e1ximo.<\/p><div class=\"cuadro-img-texto\"><div class=\"imagen-mtto\"><img loading=\"lazy\" decoding=\"async\" class=\"alignnone wp-image-2528 size-medium\" src=\"http:\/\/200.122.249.83\/insepetNewPage\/wp-content\/uploads\/2023\/08\/IMG_8503-300x300.jpg\" alt=\"\" width=\"300\" height=\"300\" srcset=\"https:\/\/insepet.com\/wp-content\/uploads\/2023\/08\/IMG_8503-300x300.jpg 300w, https:\/\/insepet.com\/wp-content\/uploads\/2023\/08\/IMG_8503-1024x1024.jpg 1024w, https:\/\/insepet.com\/wp-content\/uploads\/2023\/08\/IMG_8503-150x150.jpg 150w, https:\/\/insepet.com\/wp-content\/uploads\/2023\/08\/IMG_8503-768x768.jpg 768w, https:\/\/insepet.com\/wp-content\/uploads\/2023\/08\/IMG_8503-100x100.jpg 100w\" sizes=\"(max-width: 300px) 100vw, 300px\" \/><\/div><div class=\"texto-mtto\"><ul><li>Todas las citas para mantenimiento, servicio e inspecci\u00f3n , as\u00ed como tambi\u00e9n, la puesta en marcha, se llevan a cabo de acuerdo a los requerimientos espec\u00edficos de cada cliente.<\/li><li>Los componentes principales y los sistemas relacionados con la EDS tambi\u00e9n se revisan, ajustan y reemplazan, si el cliente ha adquirido la pieza con anterioridad.<\/li><li>La completa documentaci\u00f3n de asistencia aporta seguridad, tambi\u00e9n en lo referente a las normativas actuales de prevenci\u00f3n de accidentes. De esta manera quedan garantizadas la confiabilidad de servicio y la disponibilidad de la estaci\u00f3n de servicio en todo momento.<\/li><\/ul><\/div><\/div>\t\t\t\t\t<\/div>\n\t\t\t\t\t\t\t<\/div>\n\t\t<\/div>\n\t\t\t\t<\/div>\n\t\t\t\t<\/div>\n\t\t\t\t\t<\/div>\n\t\t<\/div>\n\t\t\t\t\t<\/div>\n\t\t<\/section>\n\t\t\t\t<section data-particle_enable=\"false\" data-particle-mobile-disabled=\"false\" class=\"elementor-section elementor-top-section elementor-element elementor-element-5286726 elementor-section-boxed elementor-section-height-default elementor-section-height-default\" data-id=\"5286726\" data-element_type=\"section\" data-settings=\"{&quot;_ha_eqh_enable&quot;:false}\">\n\t\t\t\t\t\t<div class=\"elementor-container elementor-column-gap-default\">\n\t\t\t\t\t<div class=\"aux-parallax-section elementor-column elementor-col-100 elementor-top-column elementor-element elementor-element-a14ca3a\" data-id=\"a14ca3a\" data-element_type=\"column\">\n\t\t\t<div class=\"elementor-widget-wrap elementor-element-populated\">\n\t\t\t\t\t\t<div class=\"elementor-element elementor-element-ef18583 elementor-widget elementor-widget-ha-creative-button happy-addon ha-creative-button\" data-id=\"ef18583\" data-element_type=\"widget\" data-widget_type=\"ha-creative-button.default\">\n\t\t\t\t<div class=\"elementor-widget-container\">\n\t\t\t\t\t<div data-magnetic=\"no\" class=\"ha-creative-btn-wrap\">\n\t\t\t<a class=\"ha-creative-btn ha-stl--symbolab ha-eft--back-in-left\" href=\"https:\/\/wa.link\/xx1o4c\" rel=\"nofollow\">Cont\u00e1ctanos<i aria-hidden=\"true\" class=\"auxicon auxicon-whatsapp\"><\/i><\/a>\n\t\t<\/div>\t\t<\/div>\n\t\t\t\t<\/div>\n\t\t\t\t\t<\/div>\n\t\t<\/div>\n\t\t\t\t\t<\/div>\n\t\t<\/section>\n\t\t\t\t<\/div>\n\t\t","protected":false},"excerpt":{"rendered":"<p>Servicio T\u00e9cnico Comodidad y Confiabilidad El Servicio T\u00e9cnico de Insepet est\u00e1 presente en todo el pa\u00eds como uno de los distribuidores de dispensadores\/surtidores m\u00e1s importantes. La red global de ventas y asistencia t\u00e9cnica, con personal altamente calificado , garantiza la disponibilidad de todos los equipos de su EDS. Evaluamos de forma individual los equipos de [&hellip;]<\/p>\n","protected":false},"author":1,"featured_media":0,"parent":277,"menu_order":0,"comment_status":"closed","ping_status":"closed","template":"templates\/page-builder-content.php","meta":{"footnotes":""},"class_list":["post-831","page","type-page","status-publish","hentry"],"jetpack_sharing_enabled":true,"_links":{"self":[{"href":"https:\/\/insepet.com\/index.php\/wp-json\/wp\/v2\/pages\/831","targetHints":{"allow":["GET"]}}],"collection":[{"href":"https:\/\/insepet.com\/index.php\/wp-json\/wp\/v2\/pages"}],"about":[{"href":"https:\/\/insepet.com\/index.php\/wp-json\/wp\/v2\/types\/page"}],"author":[{"embeddable":true,"href":"https:\/\/insepet.com\/index.php\/wp-json\/wp\/v2\/users\/1"}],"replies":[{"embeddable":true,"href":"https:\/\/insepet.com\/index.php\/wp-json\/wp\/v2\/comments?post=831"}],"version-history":[{"count":55,"href":"https:\/\/insepet.com\/index.php\/wp-json\/wp\/v2\/pages\/831\/revisions"}],"predecessor-version":[{"id":2540,"href":"https:\/\/insepet.com\/index.php\/wp-json\/wp\/v2\/pages\/831\/revisions\/2540"}],"up":[{"embeddable":true,"href":"https:\/\/insepet.com\/index.php\/wp-json\/wp\/v2\/pages\/277"}],"wp:attachment":[{"href":"https:\/\/insepet.com\/index.php\/wp-json\/wp\/v2\/media?parent=831"}],"curies":[{"name":"wp","href":"https:\/\/api.w.org\/{rel}","templated":true}]}}