{"id":733,"date":"2023-06-19T16:18:17","date_gmt":"2023-06-19T21:18:17","guid":{"rendered":"https:\/\/insepet.com?page_id=733"},"modified":"2024-10-11T16:21:30","modified_gmt":"2024-10-11T21:21:30","slug":"medicion-industrial","status":"publish","type":"page","link":"https:\/\/insepet.com\/index.php\/servicios\/medicion-industrial\/","title":{"rendered":"Medici\u00f3n Industrial"},"content":{"rendered":"\t\t<div data-elementor-type=\"wp-page\" data-elementor-id=\"733\" class=\"elementor elementor-733\">\n\t\t\t\t\t\t<section data-particle_enable=\"false\" data-particle-mobile-disabled=\"false\" class=\"elementor-section elementor-top-section elementor-element elementor-element-5117b0e elementor-section-content-middle elementor-reverse-tablet elementor-reverse-mobile elementor-section-boxed elementor-section-height-default elementor-section-height-default\" data-id=\"5117b0e\" data-element_type=\"section\" data-settings=\"{&quot;_ha_eqh_enable&quot;:false}\">\n\t\t\t\t\t\t<div class=\"elementor-container elementor-column-gap-no\">\n\t\t\t\t\t<div class=\"aux-parallax-section elementor-column elementor-col-50 elementor-top-column elementor-element elementor-element-84e8d35\" data-id=\"84e8d35\" data-element_type=\"column\">\n\t\t\t<div class=\"elementor-widget-wrap elementor-element-populated\">\n\t\t\t\t\t\t<div class=\"elementor-element elementor-element-212fd1a elementor-widget elementor-widget-eael-sticky-video\" data-id=\"212fd1a\" data-element_type=\"widget\" data-widget_type=\"eael-sticky-video.default\">\n\t\t\t\t<div class=\"elementor-widget-container\">\n\t\t\t<div class=\"eael-sticky-video-wrapper eaelsv-overlay-visibility-yes\"><div class=\"eaelsv-overlay\" style=\"background-image:url(&#039;http:\/\/200.122.249.83\/insepetNewPage\/wp-content\/uploads\/2023\/06\/flexicompt.jpg&#039;);\">\n\t\t\t\t\t<div class=\"eaelsv-overlay-icon\"><i class=\"eicon-play\"><\/i><\/div>\n\t\t\t\t<\/div><div class=\"eael-sticky-video-player2\" data-sticky=\"yes\" data-position=\"bottom-right\" data-sheight=\"169\" data-swidth=\"300\" data-scroll_height=\"70\" data-autoplay=\"no\" data-overlay=\"yes\">\n\t\t\t\t<video class=\"eaelsv-player\" id=\"eaelsv-player-212fd1a\" playsinline controls data-plyr-config=\"{&quot;autoplay&quot;:0, &quot;muted&quot;:0, &quot;loop&quot;: {&quot;active&quot;: false}}\">\n\t\t\t<source src=\"https:\/\/insepet.com\/wp-content\/uploads\/2023\/07\/Video-Flexicompt.mp4#t=,\" type=\"video\/mp4\" \/>\n\t\t<\/video>\n\t\t\t\t<span class=\"eaelsv-sticky-player-close\"><i class=\"fas fa-times-circle\"><\/i><\/span>\n\t\t\t<\/div>\n\t\t<\/div>\t\t<\/div>\n\t\t\t\t<\/div>\n\t\t\t\t\t<\/div>\n\t\t<\/div>\n\t\t\t\t<div class=\"aux-parallax-section elementor-column elementor-col-50 elementor-top-column elementor-element elementor-element-7f77bb8\" data-id=\"7f77bb8\" data-element_type=\"column\">\n\t\t\t<div class=\"elementor-widget-wrap elementor-element-populated\">\n\t\t\t\t\t\t<div class=\"elementor-element elementor-element-8209498 elementor-widget__width-auto elementor-widget elementor-widget-aux_simple_svg\" data-id=\"8209498\" data-element_type=\"widget\" data-widget_type=\"aux_simple_svg.default\">\n\t\t\t\t<div class=\"elementor-widget-container\">\n\t\t\t    <div class=\"aux-widget-container aux-simple-svg-container\">\n        <div class=\"aux-widget-container-inner\">\n            <div class=\"aux-the-svg\"><img decoding=\"async\" src=\"https:\/\/insepet.com\/wp-content\/uploads\/2020\/05\/Subtraction-4.svg\" title=\"demo-attachment-228-Subtraction-4\" alt=\"demo-attachment-228-Subtraction-4\" loading=\"lazy\" \/><\/div>\n        <\/div>\n    <\/div>\n    \t\t<\/div>\n\t\t\t\t<\/div>\n\t\t\t\t<div class=\"elementor-element elementor-element-e82a662 aux-appear-watch-animation aux-fade-in-up elementor-widget elementor-widget-aux_modern_heading\" data-id=\"e82a662\" data-element_type=\"widget\" data-widget_type=\"aux_modern_heading.default\">\n\t\t\t\t<div class=\"elementor-widget-container\">\n\t\t\t<section class=\"aux-widget-modern-heading\">\n            <div class=\"aux-widget-inner\"><h2 class=\"aux-modern-heading-primary\">Medici\u00f3n Industrial<\/h2><h3 class=\"aux-modern-heading-secondary\"><span class=\"aux-head-before\">ALMA FLEXICOMPT<\/span><\/h3><div class=\"aux-modern-heading-divider\"><\/div><div class=\"aux-modern-heading-description\"><p>FLEXICOMPT es un instrumento de medici\u00f3n port\u00e1til y compacto certificado bajo las directivas MID que permite una medici\u00f3n precisa de las descargas de combustible de los veh\u00edculos de transportes a las EDS.<\/p><p>Este equipo est\u00e1 dotado de la tecnolog\u00eda de turbina ADRIANE la cual no requiere lubricaci\u00f3n externa. Adicionalmente el FLEXICOMPT es el dispositivo port\u00e1til de medici\u00f3n m\u00e1s preciso del mercado (\u00b10,1%).<\/p><p>Gracias a su calculador electr\u00f3nico UNI tiene la capacidad de configurar hasta nueve productos distintos, todos ellos refinados del petr\u00f3leo (gasolinas, di\u00e9sel, gas\u00f3leo, keroseno, jet y etanol). Y como si fuera poco el FLEXICOMPT puede almacenar 99 registros diarios de descargas de combustible en su memoria interna y ser almacenadas por 365 d\u00edas.<\/p><p>Esta informaci\u00f3n puede ser descargada mediante el dispositivo CTD-Llave USB que transfiere la informaci\u00f3n del equipo a un ordenador o Smartphone (en formato Excel).<\/p><\/div><\/div>\n        <\/section>\t\t<\/div>\n\t\t\t\t<\/div>\n\t\t\t\t<div class=\"elementor-element elementor-element-c49d5f9 elementor-widget elementor-widget-aux_modern_button\" data-id=\"c49d5f9\" data-element_type=\"widget\" data-widget_type=\"aux_modern_button.default\">\n\t\t\t\t<div class=\"elementor-widget-container\">\n\t\t\t    <div class=\"aux-modern-button-wrapper aux-modern-button-align-left\" >\n                    <a class=\"aux-modern-button aux-info aux-modern-button-md aux-modern-button-normal aux-modern-button-default aux-icon-\" href=\"https:\/\/insepet.com\/wp-content\/uploads\/2023\/06\/ALMA-flexicompt.pdf\" target=\"_blank\">\n                <div class=\"aux-overlay\"><\/div>\n                                    <div class=\"aux-icon \">\n                                            <\/div>\n                                <div class=\"aux-text\">\n<span class=\"aux-text-before\">Portafolio<\/span>                <\/div>\n            <\/a>\n            \n    <\/div>\n\n    \t\t<\/div>\n\t\t\t\t<\/div>\n\t\t\t\t<div class=\"elementor-element elementor-element-5254907 elementor-widget elementor-widget-spacer\" data-id=\"5254907\" data-element_type=\"widget\" data-widget_type=\"spacer.default\">\n\t\t\t\t<div class=\"elementor-widget-container\">\n\t\t\t\t\t<div class=\"elementor-spacer\">\n\t\t\t<div class=\"elementor-spacer-inner\"><\/div>\n\t\t<\/div>\n\t\t\t\t<\/div>\n\t\t\t\t<\/div>\n\t\t\t\t\t<\/div>\n\t\t<\/div>\n\t\t\t\t\t<\/div>\n\t\t<\/section>\n\t\t\t\t<section data-particle_enable=\"false\" data-particle-mobile-disabled=\"false\" class=\"elementor-section elementor-top-section elementor-element elementor-element-fa8db55 elementor-section-boxed elementor-section-height-default elementor-section-height-default\" data-id=\"fa8db55\" data-element_type=\"section\" data-settings=\"{&quot;_ha_eqh_enable&quot;:false}\">\n\t\t\t\t\t\t<div class=\"elementor-container elementor-column-gap-default\">\n\t\t\t\t\t<div class=\"aux-parallax-section elementor-column elementor-col-100 elementor-top-column elementor-element elementor-element-8a9b24c\" data-id=\"8a9b24c\" data-element_type=\"column\">\n\t\t\t<div class=\"elementor-widget-wrap elementor-element-populated\">\n\t\t\t\t\t\t<div class=\"elementor-element elementor-element-bb2a1d9 elementor-widget elementor-widget-ha-creative-button happy-addon ha-creative-button\" data-id=\"bb2a1d9\" data-element_type=\"widget\" data-widget_type=\"ha-creative-button.default\">\n\t\t\t\t<div class=\"elementor-widget-container\">\n\t\t\t\t\t<div data-magnetic=\"no\" class=\"ha-creative-btn-wrap\">\n\t\t\t<a class=\"ha-creative-btn ha-stl--symbolab ha-eft--back-in-left\" href=\"https:\/\/wa.link\/98ec4i\" rel=\"nofollow\">Cont\u00e1ctanos<i aria-hidden=\"true\" class=\"auxicon auxicon-whatsapp\"><\/i><\/a>\n\t\t<\/div>\t\t<\/div>\n\t\t\t\t<\/div>\n\t\t\t\t\t<\/div>\n\t\t<\/div>\n\t\t\t\t\t<\/div>\n\t\t<\/section>\n\t\t\t\t<\/div>\n\t\t","protected":false},"excerpt":{"rendered":"<p>Medici\u00f3n Industrial ALMA FLEXICOMPT FLEXICOMPT es un instrumento de medici\u00f3n port\u00e1til y compacto certificado bajo las directivas MID que permite una medici\u00f3n precisa de las descargas de combustible de los veh\u00edculos de transportes a las EDS. Este equipo est\u00e1 dotado de la tecnolog\u00eda de turbina ADRIANE la cual no requiere lubricaci\u00f3n externa. Adicionalmente el FLEXICOMPT [&hellip;]<\/p>\n","protected":false},"author":1,"featured_media":0,"parent":277,"menu_order":0,"comment_status":"closed","ping_status":"closed","template":"templates\/page-builder-content.php","meta":{"footnotes":""},"class_list":["post-733","page","type-page","status-publish","hentry"],"jetpack_sharing_enabled":true,"_links":{"self":[{"href":"https:\/\/insepet.com\/index.php\/wp-json\/wp\/v2\/pages\/733","targetHints":{"allow":["GET"]}}],"collection":[{"href":"https:\/\/insepet.com\/index.php\/wp-json\/wp\/v2\/pages"}],"about":[{"href":"https:\/\/insepet.com\/index.php\/wp-json\/wp\/v2\/types\/page"}],"author":[{"embeddable":true,"href":"https:\/\/insepet.com\/index.php\/wp-json\/wp\/v2\/users\/1"}],"replies":[{"embeddable":true,"href":"https:\/\/insepet.com\/index.php\/wp-json\/wp\/v2\/comments?post=733"}],"version-history":[{"count":28,"href":"https:\/\/insepet.com\/index.php\/wp-json\/wp\/v2\/pages\/733\/revisions"}],"predecessor-version":[{"id":2967,"href":"https:\/\/insepet.com\/index.php\/wp-json\/wp\/v2\/pages\/733\/revisions\/2967"}],"up":[{"embeddable":true,"href":"https:\/\/insepet.com\/index.php\/wp-json\/wp\/v2\/pages\/277"}],"wp:attachment":[{"href":"https:\/\/insepet.com\/index.php\/wp-json\/wp\/v2\/media?parent=733"}],"curies":[{"name":"wp","href":"https:\/\/api.w.org\/{rel}","templated":true}]}}