{"id":662,"date":"2023-06-19T14:21:08","date_gmt":"2023-06-19T19:21:08","guid":{"rendered":"https:\/\/insepet.com?page_id=662"},"modified":"2024-02-12T06:56:41","modified_gmt":"2024-02-12T11:56:41","slug":"cargadores-electricos","status":"publish","type":"page","link":"https:\/\/insepet.com\/index.php\/servicios\/cargadores-electricos\/","title":{"rendered":"Cargadores El\u00e9ctricos"},"content":{"rendered":"\t\t<div data-elementor-type=\"wp-page\" data-elementor-id=\"662\" class=\"elementor elementor-662\">\n\t\t\t\t\t\t<section data-particle_enable=\"false\" data-particle-mobile-disabled=\"false\" class=\"elementor-section elementor-top-section elementor-element elementor-element-ba094f9 elementor-section-content-middle elementor-reverse-tablet elementor-reverse-mobile elementor-section-boxed elementor-section-height-default elementor-section-height-default\" data-id=\"ba094f9\" data-element_type=\"section\" data-settings=\"{&quot;_ha_eqh_enable&quot;:false}\">\n\t\t\t\t\t\t<div class=\"elementor-container elementor-column-gap-no\">\n\t\t\t\t\t<div class=\"aux-parallax-section elementor-column elementor-col-50 elementor-top-column elementor-element elementor-element-93bb801\" data-id=\"93bb801\" data-element_type=\"column\">\n\t\t\t<div class=\"elementor-widget-wrap elementor-element-populated\">\n\t\t\t\t\t\t<div class=\"elementor-element elementor-element-9ec0ad6 aux-appear-watch-animation aux-fade-in-left-1 elementor-widget elementor-widget-aux_image\" data-id=\"9ec0ad6\" data-element_type=\"widget\" data-widget_type=\"aux_image.default\">\n\t\t\t\t<div class=\"elementor-widget-container\">\n\t\t\t<section class=\"widget-container aux-widget-image aux-alignnone aux-parent-aubdd42cc7\">\n    <div class=\"aux-media-hint-frame \">\n        <div class=\"aux-media-image \" >\n        \n            \n\n            \n            <img fetchpriority=\"high\" decoding=\"async\" width=\"500\" height=\"500\" src=\"https:\/\/insepet.com\/wp-content\/uploads\/2023\/06\/evms-500x500.jpg\" class=\"aux-attachment aux-featured-image aux-attachment-id-674\" alt=\"evms\" srcset=\"https:\/\/insepet.com\/wp-content\/uploads\/2023\/06\/evms-150x150.jpg 150w,https:\/\/insepet.com\/wp-content\/uploads\/2023\/06\/evms-300x300.jpg 300w,https:\/\/insepet.com\/wp-content\/uploads\/2023\/06\/evms-768x768.jpg 768w,https:\/\/insepet.com\/wp-content\/uploads\/2023\/06\/evms-1024x1024.jpg 1024w,https:\/\/insepet.com\/wp-content\/uploads\/2023\/06\/evms-500x500.jpg 500w\" data-ratio=\"1\" data-original-w=\"2000\" sizes=\"(max-width:479px) 480px,(max-width:767px) 768px,(max-width:1023px) 1024px,500px\" \/>            \n                <\/div>\n    <\/div>\n\n<\/section><!-- widget-container -->\t\t<\/div>\n\t\t\t\t<\/div>\n\t\t\t\t\t<\/div>\n\t\t<\/div>\n\t\t\t\t<div class=\"aux-parallax-section elementor-column elementor-col-50 elementor-top-column elementor-element elementor-element-92c6173\" data-id=\"92c6173\" data-element_type=\"column\">\n\t\t\t<div class=\"elementor-widget-wrap elementor-element-populated\">\n\t\t\t\t\t\t<div class=\"elementor-element elementor-element-ead5a9c elementor-widget__width-auto elementor-widget elementor-widget-aux_simple_svg\" data-id=\"ead5a9c\" data-element_type=\"widget\" data-widget_type=\"aux_simple_svg.default\">\n\t\t\t\t<div class=\"elementor-widget-container\">\n\t\t\t    <div class=\"aux-widget-container aux-simple-svg-container\">\n        <div class=\"aux-widget-container-inner\">\n            <div class=\"aux-the-svg\"><img decoding=\"async\" src=\"https:\/\/insepet.com\/wp-content\/uploads\/2020\/05\/Subtraction-4.svg\" title=\"demo-attachment-228-Subtraction-4\" alt=\"demo-attachment-228-Subtraction-4\" loading=\"lazy\" \/><\/div>\n        <\/div>\n    <\/div>\n    \t\t<\/div>\n\t\t\t\t<\/div>\n\t\t\t\t<div class=\"elementor-element elementor-element-03b5aef aux-appear-watch-animation aux-fade-in-up elementor-widget elementor-widget-aux_modern_heading\" data-id=\"03b5aef\" data-element_type=\"widget\" data-widget_type=\"aux_modern_heading.default\">\n\t\t\t\t<div class=\"elementor-widget-container\">\n\t\t\t<section class=\"aux-widget-modern-heading\">\n            <div class=\"aux-widget-inner\"><h2 class=\"aux-modern-heading-primary\">Cargardores el\u00e9ctricos<\/h2><h3 class=\"aux-modern-heading-secondary\"><span class=\"aux-head-before\">Sicom EVMS Css Charger 60kw<\/span><\/h3><div class=\"aux-modern-heading-divider\"><\/div><div class=\"aux-modern-heading-description\"><p>El EVMS-60 es una estaci\u00f3n de carga r\u00e1pida capaz de cargar todos los veh\u00edculos actuales y de pr\u00f3xima generaci\u00f3n con CCS, CHAdeMO y AC Tipo 2.<\/p><p>La estaci\u00f3n de carga EVMS-60 es una estaci\u00f3n de carga r\u00e1pida configurable de salida simple, doble o triple (predeterminada) de 60 kW, que satisface las necesidades de carga de cada cliente.<\/p><p><strong>Aplicaci\u00f3n<\/strong>: paradas de descanso en autopistas, estaciones de servicio, concesionarios de veh\u00edculos el\u00e9ctricos, \u00e1reas urbanas ocupadas, etc.<\/p><p><strong>\u00a1La soluci\u00f3n perfecta para cada patio!<\/strong><\/p><\/div><\/div>\n        <\/section>\t\t<\/div>\n\t\t\t\t<\/div>\n\t\t\t\t<div class=\"elementor-element elementor-element-4249dd5 elementor-widget elementor-widget-spacer\" data-id=\"4249dd5\" data-element_type=\"widget\" data-widget_type=\"spacer.default\">\n\t\t\t\t<div class=\"elementor-widget-container\">\n\t\t\t\t\t<div class=\"elementor-spacer\">\n\t\t\t<div class=\"elementor-spacer-inner\"><\/div>\n\t\t<\/div>\n\t\t\t\t<\/div>\n\t\t\t\t<\/div>\n\t\t\t\t\t<\/div>\n\t\t<\/div>\n\t\t\t\t\t<\/div>\n\t\t<\/section>\n\t\t\t\t<section data-particle_enable=\"false\" data-particle-mobile-disabled=\"false\" class=\"elementor-section elementor-top-section elementor-element elementor-element-e83e189 elementor-section-content-middle elementor-section-boxed elementor-section-height-default elementor-section-height-default\" data-id=\"e83e189\" data-element_type=\"section\" data-settings=\"{&quot;_ha_eqh_enable&quot;:false}\">\n\t\t\t\t\t\t<div class=\"elementor-container elementor-column-gap-default\">\n\t\t\t\t\t<div class=\"aux-parallax-section elementor-column elementor-col-100 elementor-top-column elementor-element elementor-element-534b2e4\" data-id=\"534b2e4\" data-element_type=\"column\">\n\t\t\t<div class=\"elementor-widget-wrap elementor-element-populated\">\n\t\t\t\t\t\t<div class=\"elementor-element elementor-element-668b457 elementor-widget__width-initial elementor-widget elementor-widget-eael-adv-tabs\" data-id=\"668b457\" data-element_type=\"widget\" data-widget_type=\"eael-adv-tabs.default\">\n\t\t\t\t<div class=\"elementor-widget-container\">\n\t\t\t        <div id=\"eael-advance-tabs-668b457\" class=\"eael-advance-tabs eael-tabs-horizontal eael-tab-auto-active  active-caret-on\" data-tabid=\"668b457\">\n            <div class=\"eael-tabs-nav\" role=\"tablist\">\n                <ul class=\"\" role=\"tablist\">\n                                            <li id=\"caractersticas\" class=\"inactive eael-tab-item-trigger\" aria-selected=\"true\" data-tab=\"1\" role=\"tab\" tabindex=\"0\" aria-controls=\"caractersticas-tab\" aria-expanded=\"false\">\n                            \n                            \n                            \n                                                            <span class=\"eael-tab-title  title-after-icon\">Caracter\u00edsticas<\/span>                                                    <\/li>\n                                            <li id=\"configuracin-tpica\" class=\"inactive eael-tab-item-trigger\" aria-selected=\"false\" data-tab=\"2\" role=\"tab\" tabindex=\"-1\" aria-controls=\"configuracin-tpica-tab\" aria-expanded=\"false\">\n                            \n                            \n                            \n                                                            <span class=\"eael-tab-title  title-after-icon\">Configuraci\u00f3n T\u00edpica<\/span>                                                    <\/li>\n                                            <li id=\"configuracin-europea\" class=\"inactive eael-tab-item-trigger\" aria-selected=\"false\" data-tab=\"3\" role=\"tab\" tabindex=\"-1\" aria-controls=\"configuracin-europea-tab\" aria-expanded=\"false\">\n                            \n                            \n                            \n                                                            <span class=\"eael-tab-title  title-after-icon\">Configuraci\u00f3n Europea<\/span>                                                    <\/li>\n                                    <\/ul>\n            <\/div>\n            \n            <div class=\"eael-tabs-content\">\n\t\t        \n                    <div id=\"caractersticas-tab\" class=\"clearfix eael-tab-content-item inactive\" data-title-link=\"caractersticas-tab\">\n\t\t\t\t        \t\t\t\t\t        <ul><li>Cargador r\u00e1pido de CC de 60 kW que admite m\u00faltiples est\u00e1ndares como CCS 2, CHAdeMO, AC Tipo 2.<\/li><li>M\u00faltiples salidas: corriente continua de hasta 60 kW, corriente alterna de hasta 43 kVA.<\/li><li>Hardware confiable, robusto y modular.<\/li><li>Instalaci\u00f3n simple, r\u00e1pida y f\u00e1cil.<\/li><li>Pantalla t\u00e1ctil legible a la luz del d\u00eda.<\/li><li>Autorizaci\u00f3n RFID.<\/li><li>Bajo ruido de funcionamiento.<\/li><li>OCPP1.6J<\/li><\/ul>\t\t\t\t                            <\/div>\n\t\t        \n                    <div id=\"configuracin-tpica-tab\" class=\"clearfix eael-tab-content-item inactive\" data-title-link=\"configuracin-tpica-tab\">\n\t\t\t\t        \t\t\t\t\t        <ul><li>60kW CCS 2, CHAdeMO, 22kW AC TIPO 2.<\/li><li>60kW CCS 2, CHAdeMO, 43kW AC TIPO 2.<\/li><\/ul>\t\t\t\t                            <\/div>\n\t\t        \n                    <div id=\"configuracin-europea-tab\" class=\"clearfix eael-tab-content-item inactive\" data-title-link=\"configuracin-europea-tab\">\n\t\t\t\t        \t\t\t\t\t        <ul><li>60kW Dual CCS 2, 22kW AC TIPO 2.<\/li><li>60kW Dual CCS 2.<\/li><li>60kW CCS 2, CHAdeMO.<\/li><\/ul>\t\t\t\t                            <\/div>\n\t\t                    <\/div>\n        <\/div>\n\t\t<\/div>\n\t\t\t\t<\/div>\n\t\t\t\t\t<\/div>\n\t\t<\/div>\n\t\t\t\t\t<\/div>\n\t\t<\/section>\n\t\t\t\t<section data-particle_enable=\"false\" data-particle-mobile-disabled=\"false\" class=\"elementor-section elementor-top-section elementor-element elementor-element-3338bad elementor-section-boxed elementor-section-height-default elementor-section-height-default\" data-id=\"3338bad\" data-element_type=\"section\" data-settings=\"{&quot;_ha_eqh_enable&quot;:false}\">\n\t\t\t\t\t\t<div class=\"elementor-container elementor-column-gap-default\">\n\t\t\t\t\t<div class=\"aux-parallax-section elementor-column elementor-col-100 elementor-top-column elementor-element elementor-element-57389c7\" data-id=\"57389c7\" data-element_type=\"column\">\n\t\t\t<div class=\"elementor-widget-wrap elementor-element-populated\">\n\t\t\t\t\t\t<div class=\"elementor-element elementor-element-8114c36 elementor-widget__width-initial elementor-widget elementor-widget-aux_modern_button\" data-id=\"8114c36\" data-element_type=\"widget\" data-widget_type=\"aux_modern_button.default\">\n\t\t\t\t<div class=\"elementor-widget-container\">\n\t\t\t    <div class=\"aux-modern-button-wrapper aux-modern-button-align-center\" >\n                    <a class=\"aux-modern-button aux-info aux-modern-button-md aux-modern-button-normal aux-modern-button-default aux-icon-\" href=\"https:\/\/insepet.com\/wp-content\/uploads\/2023\/07\/ficha-sicon-60kw.pdf\" target=\"_blank\">\n                <div class=\"aux-overlay\"><\/div>\n                                    <div class=\"aux-icon \">\n                                            <\/div>\n                                <div class=\"aux-text\">\n<span class=\"aux-text-before\">Portafolio<\/span>                <\/div>\n            <\/a>\n            \n    <\/div>\n\n    \t\t<\/div>\n\t\t\t\t<\/div>\n\t\t\t\t<div class=\"elementor-element elementor-element-834c9ee elementor-widget__width-initial elementor-widget elementor-widget-aux_modern_button\" data-id=\"834c9ee\" data-element_type=\"widget\" data-widget_type=\"aux_modern_button.default\">\n\t\t\t\t<div class=\"elementor-widget-container\">\n\t\t\t    <div class=\"aux-modern-button-wrapper aux-modern-button-align-center\" >\n                    <a class=\"aux-modern-button aux-info aux-modern-button-md aux-modern-button-normal aux-modern-button-default aux-icon-\" href=\"https:\/\/insepet.com\/wp-content\/uploads\/2023\/07\/sicom-evms60.pdf\" target=\"_blank\">\n                <div class=\"aux-overlay\"><\/div>\n                                    <div class=\"aux-icon \">\n                                            <\/div>\n                                <div class=\"aux-text\">\n<span class=\"aux-text-before\">Portafolio #2<\/span>                <\/div>\n            <\/a>\n            \n    <\/div>\n\n    \t\t<\/div>\n\t\t\t\t<\/div>\n\t\t\t\t\t<\/div>\n\t\t<\/div>\n\t\t\t\t\t<\/div>\n\t\t<\/section>\n\t\t\t\t<\/div>\n\t\t","protected":false},"excerpt":{"rendered":"<p>Cargardores el\u00e9ctricos Sicom EVMS Css Charger 60kw El EVMS-60 es una estaci\u00f3n de carga r\u00e1pida capaz de cargar todos los veh\u00edculos actuales y de pr\u00f3xima generaci\u00f3n con CCS, CHAdeMO y AC Tipo 2. La estaci\u00f3n de carga EVMS-60 es una estaci\u00f3n de carga r\u00e1pida configurable de salida simple, doble o triple (predeterminada) de 60 kW, [&hellip;]<\/p>\n","protected":false},"author":1,"featured_media":0,"parent":277,"menu_order":0,"comment_status":"closed","ping_status":"closed","template":"templates\/page-builder-content.php","meta":{"footnotes":""},"class_list":["post-662","page","type-page","status-publish","hentry"],"jetpack_sharing_enabled":true,"_links":{"self":[{"href":"https:\/\/insepet.com\/index.php\/wp-json\/wp\/v2\/pages\/662","targetHints":{"allow":["GET"]}}],"collection":[{"href":"https:\/\/insepet.com\/index.php\/wp-json\/wp\/v2\/pages"}],"about":[{"href":"https:\/\/insepet.com\/index.php\/wp-json\/wp\/v2\/types\/page"}],"author":[{"embeddable":true,"href":"https:\/\/insepet.com\/index.php\/wp-json\/wp\/v2\/users\/1"}],"replies":[{"embeddable":true,"href":"https:\/\/insepet.com\/index.php\/wp-json\/wp\/v2\/comments?post=662"}],"version-history":[{"count":20,"href":"https:\/\/insepet.com\/index.php\/wp-json\/wp\/v2\/pages\/662\/revisions"}],"predecessor-version":[{"id":2910,"href":"https:\/\/insepet.com\/index.php\/wp-json\/wp\/v2\/pages\/662\/revisions\/2910"}],"up":[{"embeddable":true,"href":"https:\/\/insepet.com\/index.php\/wp-json\/wp\/v2\/pages\/277"}],"wp:attachment":[{"href":"https:\/\/insepet.com\/index.php\/wp-json\/wp\/v2\/media?parent=662"}],"curies":[{"name":"wp","href":"https:\/\/api.w.org\/{rel}","templated":true}]}}