{"id":1784,"date":"2023-07-13T15:03:14","date_gmt":"2023-07-13T20:03:14","guid":{"rendered":"https:\/\/insepet.com?page_id=1784"},"modified":"2024-02-20T10:06:14","modified_gmt":"2024-02-20T15:06:14","slug":"certificado-de-dispensadores","status":"publish","type":"page","link":"https:\/\/insepet.com\/index.php\/certificado-de-dispensadores\/","title":{"rendered":"Certificado de Dispensadores"},"content":{"rendered":"<section>\n            <img fetchpriority=\"high\" decoding=\"async\" width=\"1000\" height=\"1000\" src=\"https:\/\/insepet.com\/wp-content\/uploads\/2023\/05\/Imagen-Home-2.png\" alt=\"Imagen-Home-2\" data-ratio=\"1\" data-original-w=\"1000\" \/><br \/>\n<\/section>\n<p><!-- widget-container --><br \/>\n            <img decoding=\"async\" src=\"https:\/\/insepet.com\/wp-content\/uploads\/2020\/05\/Subtraction-4.svg\" title=\"demo-attachment-228-Subtraction-4\" alt=\"demo-attachment-228-Subtraction-4\" loading=\"lazy\" \/><\/p>\n<section>\n<h2>Certificados<\/h2>\n<h3>Obt\u00e9n tus certificados en cualquier momento y lugar<\/h3>\n<p>Con un solo clic podr\u00e1s obtener el certificado de todos tus dispensadores y surtidores, teniendo al d\u00eda todos los documentos para cualquier inspecci\u00f3n.<br \/>\n        <\/section>\n<section>\n<h2>Certificado de Dispensadores<\/h2>\n<h3>Digita el n\u00famero de serie del equipo a consultar<\/h3>\n<\/section>\n<p>\t\t\t<iframe src=\"https:\/\/insepet.com\/certificaciones\/certificadoDispensadores.php\" height=\"500px\"><\/iframe><\/p>\n","protected":false},"excerpt":{"rendered":"<p>Certificados Obt\u00e9n tus certificados en cualquier momento y lugar Con un solo clic podr\u00e1s obtener el certificado de todos tus dispensadores y surtidores, teniendo al d\u00eda todos los documentos para cualquier inspecci\u00f3n. Certificado de Dispensadores Digita el n\u00famero de serie del equipo a consultar<\/p>\n","protected":false},"author":1,"featured_media":0,"parent":0,"menu_order":0,"comment_status":"closed","ping_status":"closed","template":"templates\/page-builder-content.php","meta":{"footnotes":""},"class_list":["post-1784","page","type-page","status-publish","hentry"],"jetpack_sharing_enabled":true,"_links":{"self":[{"href":"https:\/\/insepet.com\/index.php\/wp-json\/wp\/v2\/pages\/1784","targetHints":{"allow":["GET"]}}],"collection":[{"href":"https:\/\/insepet.com\/index.php\/wp-json\/wp\/v2\/pages"}],"about":[{"href":"https:\/\/insepet.com\/index.php\/wp-json\/wp\/v2\/types\/page"}],"author":[{"embeddable":true,"href":"https:\/\/insepet.com\/index.php\/wp-json\/wp\/v2\/users\/1"}],"replies":[{"embeddable":true,"href":"https:\/\/insepet.com\/index.php\/wp-json\/wp\/v2\/comments?post=1784"}],"version-history":[{"count":29,"href":"https:\/\/insepet.com\/index.php\/wp-json\/wp\/v2\/pages\/1784\/revisions"}],"predecessor-version":[{"id":2942,"href":"https:\/\/insepet.com\/index.php\/wp-json\/wp\/v2\/pages\/1784\/revisions\/2942"}],"wp:attachment":[{"href":"https:\/\/insepet.com\/index.php\/wp-json\/wp\/v2\/media?parent=1784"}],"curies":[{"name":"wp","href":"https:\/\/api.w.org\/{rel}","templated":true}]}}